{"id":973,"date":"2015-09-06T19:58:05","date_gmt":"2015-09-06T18:58:05","guid":{"rendered":"http:\/\/www.tycofis.cz\/distribuce\/?page_id=973"},"modified":"2015-11-29T21:10:09","modified_gmt":"2015-11-29T20:10:09","slug":"973-2","status":"publish","type":"page","link":"http:\/\/www.tycofis.cz\/distribuce\/produkty\/adresovatelne-systemy\/hlasice\/973-2\/","title":{"rendered":"Tla\u010d\u00edtkov\u00e9 hl\u00e1si\u010de po\u017e\u00e1ru"},"content":{"rendered":"<h2>Tla\u010d\u00edtkov\u00e9 hl\u00e1si\u010de po\u017e\u00e1ru<\/h2>\n<p>Do syst\u00e9mu ZETTLER Expert pat\u0159\u00ed tak\u00e9 adresovateln\u00e9 tla\u010d\u00edtkov\u00e9 hl\u00e1si\u010de po\u017e\u00e1ru nejr\u016fzn\u011bj\u0161\u00edch typ\u016f a modifikac\u00ed s p\u0159\u00edslu\u0161enstv\u00edm. Tla\u010d\u00edtkov\u00e9 hl\u00e1si\u010de po\u017e\u00e1ru slou\u017e\u00ed k ru\u010dn\u00edmu vyhl\u00e1\u0161en\u00ed po\u017e\u00e1ru.<\/p>\n<table>\n<tbody>\n<tr>\n<td style=\"width: 150px;text-align: center;vertical-align: top\"><a href=\"http:\/\/www.tycofis.cz\/distribuce\/wp-content\/uploads\/sites\/4\/2015\/09\/din820-e1441565704157.jpg\"><img loading=\"lazy\" class=\"size-full wp-image-972 aligncenter\" src=\"http:\/\/www.tycofis.cz\/distribuce\/wp-content\/uploads\/sites\/4\/2015\/09\/din820-e1441565704157.jpg\" alt=\"din820\" width=\"80\" height=\"83\" \/><\/a><\/td>\n<td>\n<h3><span style=\"color: #0057a6\">Tla\u010d\u00edtkov\u00fd hl\u00e1si\u010d DIN820<br \/>\n<\/span><\/h3>\n<p>Tla\u010d\u00edtkov\u00fd hl\u00e1si\u010d DIN820 je ur\u010den pro vnit\u0159n\u00ed pou\u017eit\u00ed a pro vyhl\u00e1\u0161en\u00ed poplachu je t\u0159eba rozb\u00edt sklo a stisknout tla\u010d\u00edtko. Poplachov\u00fd stav je signalizov\u00e1n \u010dervenou LED diodou.<\/td>\n<\/tr>\n<tr>\n<td style=\"text-align: center;vertical-align: top\"><a href=\"http:\/\/www.tycofis.cz\/distribuce\/wp-content\/uploads\/sites\/4\/2015\/09\/din820-e1441565704157.jpg\"><img loading=\"lazy\" class=\"wp-image-972 size-full aligncenter\" src=\"http:\/\/www.tycofis.cz\/distribuce\/wp-content\/uploads\/sites\/4\/2015\/09\/din820-e1441565704157.jpg\" alt=\"\" width=\"80\" height=\"83\" \/><\/a><\/td>\n<td>\n<h3><span style=\"color: #0057a6\">Tla\u010d\u00edtkov\u00fd hl\u00e1si\u010d DIN830<\/span><\/h3>\n<p>Tla\u010d\u00edtkov\u00fd hl\u00e1si\u010d DIN830 je ur\u010den pro venkovn\u00ed pou\u017eit\u00ed a pro vyhl\u00e1\u0161en\u00ed poplachu je t\u0159eba rozb\u00edt sklo a stisknout tla\u010d\u00edtko. Poplachov\u00fd stav je signalizov\u00e1n \u010dervenou LED diodou.<\/td>\n<\/tr>\n<tr>\n<td style=\"text-align: center;vertical-align: top\"><a href=\"http:\/\/www.tycofis.cz\/distribuce\/wp-content\/uploads\/sites\/4\/2015\/11\/cp820.jpg\"><img loading=\"lazy\" class=\"wp-image-1155 size-full aligncenter\" src=\"http:\/\/www.tycofis.cz\/distribuce\/wp-content\/uploads\/sites\/4\/2015\/11\/cp820.jpg\" alt=\"\" width=\"80\" height=\"83\" \/><\/a><\/td>\n<td>\n<h3><span style=\"color: #0057a6\">Tla\u010d\u00edtkov\u00fd hl\u00e1si\u010d CP820\/MCP820<\/span><\/h3>\n<p>Tla\u010d\u00edtkov\u00fd hl\u00e1si\u010d CP820\/MCP820 je ur\u010den pro vnit\u0159n\u00ed pou\u017eit\u00ed a pro vyhl\u00e1\u0161en\u00ed poplachu sta\u010d\u00ed pouze rozb\u00edt sklo. Tla\u010d\u00edtko CP820 je bez izol\u00e1toru, MCP820 je s izol\u00e1torem. Poplachov\u00fd stav je signalizov\u00e1n \u010dervenou LED diodou.<\/td>\n<\/tr>\n<tr>\n<td style=\"text-align: center;vertical-align: top\"><a href=\"http:\/\/www.tycofis.cz\/distribuce\/wp-content\/uploads\/sites\/4\/2015\/11\/cp830.jpg\"><img loading=\"lazy\" class=\"wp-image-1160 size-full aligncenter\" src=\"http:\/\/www.tycofis.cz\/distribuce\/wp-content\/uploads\/sites\/4\/2015\/11\/cp830.jpg\" alt=\"\" width=\"80\" height=\"83\" \/><\/a><\/td>\n<td>\n<h3><span style=\"color: #0057a6\">Tla\u010d\u00edtkov\u00fd hl\u00e1si\u010d CP820\/MCP820<\/span><\/h3>\n<p>Tla\u010d\u00edtkov\u00fd hl\u00e1si\u010d CP830\/MCP830 je ur\u010den pro venkovn\u00ed pou\u017eit\u00ed a pro vyhl\u00e1\u0161en\u00ed poplachu sta\u010d\u00ed pouze rozb\u00edt sklo. Tla\u010d\u00edtko CP830 je bez izol\u00e1toru, MCP830 je s izol\u00e1torem. Poplachov\u00fd stav je signalizov\u00e1n \u010dervenou LED diodou.<\/td>\n<\/tr>\n<tr>\n<td style=\"text-align: center;vertical-align: top\"><\/td>\n<td><\/td>\n<\/tr>\n<tr>\n<td><\/td>\n<td><\/td>\n<\/tr>\n<tr>\n<td><\/td>\n<td><\/td>\n<\/tr>\n<tr>\n<td><\/td>\n<td><\/td>\n<\/tr>\n<tr>\n<td><\/td>\n<td><\/td>\n<\/tr>\n<\/tbody>\n<\/table>\n<p>&nbsp;<\/p>\n","protected":false},"excerpt":{"rendered":"<p>Tla\u010d\u00edtkov\u00e9 hl\u00e1si\u010de po\u017e\u00e1ru Do syst\u00e9mu ZETTLER Expert pat\u0159\u00ed tak\u00e9 adresovateln\u00e9 tla\u010d\u00edtkov\u00e9 hl\u00e1si\u010de po\u017e\u00e1ru nejr\u016fzn\u011bj\u0161\u00edch typ\u016f a modifikac\u00ed s p\u0159\u00edslu\u0161enstv\u00edm. Tla\u010d\u00edtkov\u00e9 hl\u00e1si\u010de po\u017e\u00e1ru slou\u017e\u00ed k ru\u010dn\u00edmu vyhl\u00e1\u0161en\u00ed po\u017e\u00e1ru. Tla\u010d\u00edtkov\u00fd hl\u00e1si\u010d DIN820 Tla\u010d\u00edtkov\u00fd hl\u00e1si\u010d DIN820 je ur\u010den pro vnit\u0159n\u00ed pou\u017eit\u00ed a pro vyhl\u00e1\u0161en\u00ed poplachu je t\u0159eba rozb\u00edt sklo a stisknout tla\u010d\u00edtko. Poplachov\u00fd stav je signalizov\u00e1n \u010dervenou LED [&hellip;]<\/p>\n","protected":false},"author":5,"featured_media":972,"parent":708,"menu_order":22,"comment_status":"closed","ping_status":"closed","template":"page-rozcestnik_aboutus.php","meta":[],"_links":{"self":[{"href":"http:\/\/www.tycofis.cz\/distribuce\/wp-json\/wp\/v2\/pages\/973"}],"collection":[{"href":"http:\/\/www.tycofis.cz\/distribuce\/wp-json\/wp\/v2\/pages"}],"about":[{"href":"http:\/\/www.tycofis.cz\/distribuce\/wp-json\/wp\/v2\/types\/page"}],"author":[{"embeddable":true,"href":"http:\/\/www.tycofis.cz\/distribuce\/wp-json\/wp\/v2\/users\/5"}],"replies":[{"embeddable":true,"href":"http:\/\/www.tycofis.cz\/distribuce\/wp-json\/wp\/v2\/comments?post=973"}],"version-history":[{"count":14,"href":"http:\/\/www.tycofis.cz\/distribuce\/wp-json\/wp\/v2\/pages\/973\/revisions"}],"predecessor-version":[{"id":1162,"href":"http:\/\/www.tycofis.cz\/distribuce\/wp-json\/wp\/v2\/pages\/973\/revisions\/1162"}],"up":[{"embeddable":true,"href":"http:\/\/www.tycofis.cz\/distribuce\/wp-json\/wp\/v2\/pages\/708"}],"wp:featuredmedia":[{"embeddable":true,"href":"http:\/\/www.tycofis.cz\/distribuce\/wp-json\/wp\/v2\/media\/972"}],"wp:attachment":[{"href":"http:\/\/www.tycofis.cz\/distribuce\/wp-json\/wp\/v2\/media?parent=973"}],"curies":[{"name":"wp","href":"https:\/\/api.w.org\/{rel}","templated":true}]}}