{"id":852,"date":"2015-09-03T21:14:54","date_gmt":"2015-09-03T20:14:54","guid":{"rendered":"http:\/\/www.tycofis.cz\/distribuce\/?page_id=852"},"modified":"2016-09-02T07:11:04","modified_gmt":"2016-09-02T06:11:04","slug":"adresovatelne-ustredny-rady-zx","status":"publish","type":"page","link":"http:\/\/www.tycofis.cz\/distribuce\/produkty\/adresovatelne-systemy\/adresovatelne-ustredny\/adresovatelne-ustredny-rady-zx\/","title":{"rendered":"Adresovateln\u00e9 \u00fast\u0159edny \u0159ady ZX"},"content":{"rendered":"<h2>Adresovateln\u00e9 \u00fast\u0159edny \u0159ady ZX<a href=\"http:\/\/www.tycofis.cz\/distribuce\/wp-content\/uploads\/sites\/4\/2015\/09\/zx4_end.jpg\"><img loading=\"lazy\" class=\"wp-image-1142 size-full alignright\" src=\"http:\/\/www.tycofis.cz\/distribuce\/wp-content\/uploads\/sites\/4\/2015\/09\/zx4_end.jpg\" alt=\"\" width=\"150\" height=\"139\" \/><\/a><\/h2>\n<p>\u00dast\u0159edny EPS ZETTLER ZX1 a ZX4 vyu\u017e\u00edvaj\u00ed stejn\u011b jako \u0159ada MZX a PROFILE pokro\u010dilou technologii MZXTechnology\u2122 pro realizaci komplexn\u00edho syst\u00e9mu detekce po\u017e\u00e1ru pro ochranu osob a majetku. Nab\u00edz\u00ed jedno a\u017e osm kruhov\u00fdch veden\u00ed s celkovou kapacitou a\u017e 1000 adres\u00a0 a s mo\u017enost\u00ed s\u00ed\u0165ov\u00e1n\u00ed. \u00dast\u0159edny EPS ZETTLER ZX1\/ZX4 umo\u017e\u0148uj\u00ed roz\u0161\u00ed\u0159en\u00ed o velk\u00fd po\u010det vstup\u016f a v\u00fdstup\u016f. To je p\u0159edur\u010duje p\u0159edev\u0161\u00edm k nasazen\u00ed ve st\u0159edn\u00edch a\u017e velk\u00fdch aplikac\u00edch s velk\u00fdm mno\u017estv\u00edm n\u00e1vazn\u00fdch za\u0159\u00edzen\u00ed.<\/p>\n<p>ZX1 je \u00fast\u0159edna pro 250 adres na jednom adresovateln\u00e9m veden\u00ed. \u00dast\u0159edna ZX4 je v z\u00e1kladu vybavena dv\u011bma adresovateln\u00fdmi veden\u00edmi roz\u0161i\u0159iteln\u00fdmi a\u017e na osm veden\u00ed.<\/p>\n<p>&nbsp;<\/p>\n","protected":false},"excerpt":{"rendered":"<p>Adresovateln\u00e9 \u00fast\u0159edny \u0159ady ZX \u00dast\u0159edny EPS ZETTLER ZX1 a ZX4 vyu\u017e\u00edvaj\u00ed stejn\u011b jako \u0159ada MZX a PROFILE pokro\u010dilou technologii MZXTechnology\u2122 pro realizaci komplexn\u00edho syst\u00e9mu detekce po\u017e\u00e1ru pro ochranu osob a majetku. Nab\u00edz\u00ed jedno a\u017e osm kruhov\u00fdch veden\u00ed s celkovou kapacitou a\u017e 1000 adres\u00a0 a s mo\u017enost\u00ed s\u00ed\u0165ov\u00e1n\u00ed. \u00dast\u0159edny EPS ZETTLER ZX1\/ZX4 umo\u017e\u0148uj\u00ed roz\u0161\u00ed\u0159en\u00ed o velk\u00fd [&hellip;]<\/p>\n","protected":false},"author":5,"featured_media":848,"parent":640,"menu_order":16,"comment_status":"closed","ping_status":"closed","template":"page-rozcestnik_aboutus.php","meta":[],"_links":{"self":[{"href":"http:\/\/www.tycofis.cz\/distribuce\/wp-json\/wp\/v2\/pages\/852"}],"collection":[{"href":"http:\/\/www.tycofis.cz\/distribuce\/wp-json\/wp\/v2\/pages"}],"about":[{"href":"http:\/\/www.tycofis.cz\/distribuce\/wp-json\/wp\/v2\/types\/page"}],"author":[{"embeddable":true,"href":"http:\/\/www.tycofis.cz\/distribuce\/wp-json\/wp\/v2\/users\/5"}],"replies":[{"embeddable":true,"href":"http:\/\/www.tycofis.cz\/distribuce\/wp-json\/wp\/v2\/comments?post=852"}],"version-history":[{"count":6,"href":"http:\/\/www.tycofis.cz\/distribuce\/wp-json\/wp\/v2\/pages\/852\/revisions"}],"predecessor-version":[{"id":1144,"href":"http:\/\/www.tycofis.cz\/distribuce\/wp-json\/wp\/v2\/pages\/852\/revisions\/1144"}],"up":[{"embeddable":true,"href":"http:\/\/www.tycofis.cz\/distribuce\/wp-json\/wp\/v2\/pages\/640"}],"wp:featuredmedia":[{"embeddable":true,"href":"http:\/\/www.tycofis.cz\/distribuce\/wp-json\/wp\/v2\/media\/848"}],"wp:attachment":[{"href":"http:\/\/www.tycofis.cz\/distribuce\/wp-json\/wp\/v2\/media?parent=852"}],"curies":[{"name":"wp","href":"https:\/\/api.w.org\/{rel}","templated":true}]}}