{"id":850,"date":"2015-09-03T21:12:35","date_gmt":"2015-09-03T20:12:35","guid":{"rendered":"http:\/\/www.tycofis.cz\/distribuce\/?page_id=850"},"modified":"2016-03-16T16:56:06","modified_gmt":"2016-03-16T15:56:06","slug":"adresovatelne-ustredny-rady-mzx250","status":"publish","type":"page","link":"http:\/\/www.tycofis.cz\/distribuce\/produkty\/adresovatelne-systemy\/adresovatelne-ustredny\/adresovatelne-ustredny-rady-mzx250\/","title":{"rendered":"Adresovateln\u00e9 \u00fast\u0159edny \u0159ady MZX250"},"content":{"rendered":"<h2>Adresovateln\u00e9 \u00fast\u0159edny \u0159ady MZX250<a href=\"http:\/\/www.tycofis.cz\/distribuce\/wp-content\/uploads\/sites\/4\/2015\/09\/mzx250_end.jpg\"><img loading=\"lazy\" class=\"size-full wp-image-1135 alignright\" src=\"http:\/\/www.tycofis.cz\/distribuce\/wp-content\/uploads\/sites\/4\/2015\/09\/mzx250_end.jpg\" alt=\"mzx250_end\" width=\"150\" height=\"139\" \/><\/a><\/h2>\n<p>\u00dast\u0159edny EPS \u0159ady ZETTLER MZX250 vyu\u017e\u00edvaj\u00ed pokro\u010dilou technologii MZXTechnology\u2122 pro realizaci komplexn\u00edho syst\u00e9mu detekce po\u017e\u00e1ru pro ochranu osob a majetku. Nab\u00edz\u00ed jedno a\u017e \u010dty\u0159i kruhov\u00e1 veden\u00ed s celkovou kapacitou a\u017e 1000 adres s mo\u017enost\u00ed vz\u00e1jemn\u00e9ho s\u00ed\u0165ov\u00e1n\u00ed. To je p\u0159edur\u010duje k nasazen\u00ed ve st\u0159edn\u00edch a\u017e velk\u00fdch aplikac\u00edch.<\/p>\n<p>Komunika\u010dn\u00ed protokol adresovateln\u00e9ho veden\u00ed MXDigital je dostate\u010dn\u011b robustn\u00ed, aby procoval na v\u011bt\u0161in\u011b typ\u016f kabel\u016f. Je proto ide\u00e1ln\u00ed volbou pro upgrade, kdy lze vyu\u017e\u00edt st\u00e1vaj\u00edc\u00ed kabely a dramaticky tak sn\u00ed\u017eit n\u00e1klady. Vestav\u011bn\u00fd nap\u00e1jec\u00ed zdroj zdroj nab\u00edj\u00ed z\u00e1lo\u017en\u00ed akumul\u00e1tory a podporuje sir\u00e9ny a maj\u00e1ky dle normy EN54 nap\u00e1jen\u00e9 z adresovateln\u00e9ho veden\u00ed. K \u00fast\u0159edn\u011b je mo\u017en\u00e9 p\u0159ipojit a\u017e 7 extern\u00edch tabel obsluhy (se zdrojem nebo bez zdroje) po s\u00e9riov\u00e9 2 vodi\u010dov\u00e9 sb\u011brnici.<\/p>\n<p>MZX250\/251 jsou \u00fast\u0159edny pro 250 adres na jednom adresovateln\u00e9m veden\u00ed. MZX252\/253\/254 jsou v z\u00e1kladu vybaveny dv\u011bma adresovateln\u00fdmi veden\u00edmi roz\u0161i\u0159iteln\u00fdmi a\u017e na \u010dty\u0159i veden\u00ed.<\/p>\n<p>&nbsp;<\/p>\n","protected":false},"excerpt":{"rendered":"<p>Adresovateln\u00e9 \u00fast\u0159edny \u0159ady MZX250 \u00dast\u0159edny EPS \u0159ady ZETTLER MZX250 vyu\u017e\u00edvaj\u00ed pokro\u010dilou technologii MZXTechnology\u2122 pro realizaci komplexn\u00edho syst\u00e9mu detekce po\u017e\u00e1ru pro ochranu osob a majetku. Nab\u00edz\u00ed jedno a\u017e \u010dty\u0159i kruhov\u00e1 veden\u00ed s celkovou kapacitou a\u017e 1000 adres s mo\u017enost\u00ed vz\u00e1jemn\u00e9ho s\u00ed\u0165ov\u00e1n\u00ed. To je p\u0159edur\u010duje k nasazen\u00ed ve st\u0159edn\u00edch a\u017e velk\u00fdch aplikac\u00edch. Komunika\u010dn\u00ed protokol adresovateln\u00e9ho veden\u00ed MXDigital [&hellip;]<\/p>\n","protected":false},"author":5,"featured_media":846,"parent":640,"menu_order":10,"comment_status":"closed","ping_status":"closed","template":"page-rozcestnik_product_range.php","meta":[],"_links":{"self":[{"href":"http:\/\/www.tycofis.cz\/distribuce\/wp-json\/wp\/v2\/pages\/850"}],"collection":[{"href":"http:\/\/www.tycofis.cz\/distribuce\/wp-json\/wp\/v2\/pages"}],"about":[{"href":"http:\/\/www.tycofis.cz\/distribuce\/wp-json\/wp\/v2\/types\/page"}],"author":[{"embeddable":true,"href":"http:\/\/www.tycofis.cz\/distribuce\/wp-json\/wp\/v2\/users\/5"}],"replies":[{"embeddable":true,"href":"http:\/\/www.tycofis.cz\/distribuce\/wp-json\/wp\/v2\/comments?post=850"}],"version-history":[{"count":8,"href":"http:\/\/www.tycofis.cz\/distribuce\/wp-json\/wp\/v2\/pages\/850\/revisions"}],"predecessor-version":[{"id":1139,"href":"http:\/\/www.tycofis.cz\/distribuce\/wp-json\/wp\/v2\/pages\/850\/revisions\/1139"}],"up":[{"embeddable":true,"href":"http:\/\/www.tycofis.cz\/distribuce\/wp-json\/wp\/v2\/pages\/640"}],"wp:featuredmedia":[{"embeddable":true,"href":"http:\/\/www.tycofis.cz\/distribuce\/wp-json\/wp\/v2\/media\/846"}],"wp:attachment":[{"href":"http:\/\/www.tycofis.cz\/distribuce\/wp-json\/wp\/v2\/media?parent=850"}],"curies":[{"name":"wp","href":"https:\/\/api.w.org\/{rel}","templated":true}]}}