{"id":844,"date":"2015-09-03T21:09:54","date_gmt":"2015-09-03T20:09:54","guid":{"rendered":"http:\/\/www.tycofis.cz\/distribuce\/?page_id=844"},"modified":"2016-03-16T16:55:48","modified_gmt":"2016-03-16T15:55:48","slug":"adresovatelna-ustredna-mzx125","status":"publish","type":"page","link":"http:\/\/www.tycofis.cz\/distribuce\/produkty\/adresovatelne-systemy\/adresovatelne-ustredny\/adresovatelna-ustredna-mzx125\/","title":{"rendered":"Adresovateln\u00e1 \u00fast\u0159edna MZX125"},"content":{"rendered":"<h2>Adresovateln\u00e1 \u00fast\u0159edna MZX125<a href=\"http:\/\/www.tycofis.cz\/distribuce\/wp-content\/uploads\/sites\/4\/2015\/09\/mzx125_end.jpg\"><img loading=\"lazy\" class=\"size-full wp-image-1132 alignright\" src=\"http:\/\/www.tycofis.cz\/distribuce\/wp-content\/uploads\/sites\/4\/2015\/09\/mzx125_end.jpg\" alt=\"mzx125_end\" width=\"150\" height=\"139\" \/><\/a><\/h2>\n<p>\u00dast\u0159edna ZETTLER MZX125 je digit\u00e1ln\u00ed adresovateln\u00e1 \u00fast\u0159edna s jednoduch\u00fdm u\u017eivatelsk\u00fdm rozhran\u00edm pro realizaci komplexn\u00edho syst\u00e9mu detekce po\u017e\u00e1ru pro ochranu osob a majetku. \u00dast\u0159edna m\u00e1 jedino adresovateln\u00e9 veden\u00ed pro 125 adres, tak\u017ee je vhodn\u00e1 pro mal\u00e9 a\u017e st\u0159edn\u011b velk\u00e9 objekty.<\/p>\n<p>Komunika\u010dn\u00ed protokol adresovateln\u00e9ho veden\u00ed MXDigital je dostate\u010dn\u011b robustn\u00ed, aby procoval na v\u011bt\u0161in\u011b typ\u016f kabel\u016f. Je proto ide\u00e1ln\u00ed volbou pro upgrade, kdy lze vyu\u017e\u00edt st\u00e1vaj\u00edc\u00ed kabely a dramaticky tak sn\u00ed\u017eit n\u00e1klady. Vestav\u011bn\u00fd nap\u00e1jec\u00ed zdroj zdroj nab\u00edj\u00ed z\u00e1lo\u017en\u00ed akumul\u00e1tory a podporuje sir\u00e9ny a maj\u00e1ky dle normy EN54 nap\u00e1jen\u00e9 z adresovateln\u00e9ho veden\u00ed. K \u00fast\u0159edn\u011b je mo\u017en\u00e9 p\u0159ipojit a\u017e 7 extern\u00edch tabel obsluhy (se zdrojem nebo bez zdroje) po s\u00e9riov\u00e9 2 vodi\u010dov\u00e9 sb\u011brnici.<\/p>\n<p>&nbsp;<\/p>\n","protected":false},"excerpt":{"rendered":"<p>Adresovateln\u00e1 \u00fast\u0159edna MZX125 \u00dast\u0159edna ZETTLER MZX125 je digit\u00e1ln\u00ed adresovateln\u00e1 \u00fast\u0159edna s jednoduch\u00fdm u\u017eivatelsk\u00fdm rozhran\u00edm pro realizaci komplexn\u00edho syst\u00e9mu detekce po\u017e\u00e1ru pro ochranu osob a majetku. \u00dast\u0159edna m\u00e1 jedino adresovateln\u00e9 veden\u00ed pro 125 adres, tak\u017ee je vhodn\u00e1 pro mal\u00e9 a\u017e st\u0159edn\u011b velk\u00e9 objekty. Komunika\u010dn\u00ed protokol adresovateln\u00e9ho veden\u00ed MXDigital je dostate\u010dn\u011b robustn\u00ed, aby procoval na v\u011bt\u0161in\u011b typ\u016f [&hellip;]<\/p>\n","protected":false},"author":5,"featured_media":845,"parent":640,"menu_order":5,"comment_status":"closed","ping_status":"closed","template":"page-rozcestnik_aboutus.php","meta":[],"_links":{"self":[{"href":"http:\/\/www.tycofis.cz\/distribuce\/wp-json\/wp\/v2\/pages\/844"}],"collection":[{"href":"http:\/\/www.tycofis.cz\/distribuce\/wp-json\/wp\/v2\/pages"}],"about":[{"href":"http:\/\/www.tycofis.cz\/distribuce\/wp-json\/wp\/v2\/types\/page"}],"author":[{"embeddable":true,"href":"http:\/\/www.tycofis.cz\/distribuce\/wp-json\/wp\/v2\/users\/5"}],"replies":[{"embeddable":true,"href":"http:\/\/www.tycofis.cz\/distribuce\/wp-json\/wp\/v2\/comments?post=844"}],"version-history":[{"count":4,"href":"http:\/\/www.tycofis.cz\/distribuce\/wp-json\/wp\/v2\/pages\/844\/revisions"}],"predecessor-version":[{"id":1134,"href":"http:\/\/www.tycofis.cz\/distribuce\/wp-json\/wp\/v2\/pages\/844\/revisions\/1134"}],"up":[{"embeddable":true,"href":"http:\/\/www.tycofis.cz\/distribuce\/wp-json\/wp\/v2\/pages\/640"}],"wp:featuredmedia":[{"embeddable":true,"href":"http:\/\/www.tycofis.cz\/distribuce\/wp-json\/wp\/v2\/media\/845"}],"wp:attachment":[{"href":"http:\/\/www.tycofis.cz\/distribuce\/wp-json\/wp\/v2\/media?parent=844"}],"curies":[{"name":"wp","href":"https:\/\/api.w.org\/{rel}","templated":true}]}}