{"id":839,"date":"2015-09-03T20:32:29","date_gmt":"2015-09-03T19:32:29","guid":{"rendered":"http:\/\/www.tycofis.cz\/distribuce\/?page_id=839"},"modified":"2016-03-16T16:55:24","modified_gmt":"2016-03-16T15:55:24","slug":"adresovatelne-ustredny-zettler-profile","status":"publish","type":"page","link":"http:\/\/www.tycofis.cz\/distribuce\/produkty\/adresovatelne-systemy\/adresovatelne-ustredny\/adresovatelne-ustredny-zettler-profile\/","title":{"rendered":"Adresovateln\u00e9 \u00fast\u0159edny PROFILE"},"content":{"rendered":"<h2>Adresovateln\u00e9 \u00fast\u0159edny PROFILE<\/h2>\n<p><span id=\"result_box\" class=\"\" lang=\"cs\"><span class=\"hps\">ZETTLER PROFILE je \u0159ada v\u00fdkonn\u00fdch \u00fast\u0159eden elektrick\u00e9 po\u017e\u00e1rn\u00ed signalizace, vyu\u017e\u00edvaj\u00edc\u00ed technologii MZX. Vzhledem k tomu, \u017ee technologie MZX byla p\u016fvodn\u011b vyvinuta pro provoz v t\u011bch nejn\u00e1ro\u010dn\u011bj\u0161\u00edch podm\u00ednk\u00e1ch, je syst\u00e9m vysoce odoln\u00fd v\u016f\u010di vn\u011bj\u0161\u00edm vliv\u016fm, nap\u0159\u00edklad elektromagnetick\u00e9mu ru\u0161en\u00ed nebo zdroj\u016fm fale\u0161n\u00fdch poplach\u016f. P\u0159i n\u00e1vrhu nov\u00e9ho, dotykov\u00e9ho u\u017eivatelsk\u00e9ho rozhran\u00ed s kontextovou n\u00e1pov\u011bdou byla v\u011bnov\u00e1na pozornost ergonomii, co\u017e se projevuje v jednoduch\u00e9m ovl\u00e1d\u00e1n\u00ed. Funkce jako dotykov\u011b ovl\u00e1dan\u00e9 stavov\u00e9 LED, kter\u00e9 poskytuj\u00ed podrobn\u00e9 informace o stavu, zaru\u010duj\u00ed rychlou reakci na v\u0161echny syst\u00e9mov\u00e9 ud\u00e1losti. Syst\u00e9m slu\u010duje snadn\u00e9 pou\u017e\u00edv\u00e1n\u00ed s vysok\u00fdm v\u00fdkonem a prost\u0159ednictv\u00edm inovac\u00ed p\u0159in\u00e1\u0161\u00ed koncov\u00fdm u\u017eivatel\u016fm ni\u017e\u0161\u00ed n\u00e1klady na provoz po celou dobu \u017eivotnosti. Elegantn\u00ed a diskr\u00e9tn\u00ed u\u017eivatelsk\u00e9 rozhran\u00ed s barevn\u00fdm dotykov\u00fdm displejem p\u0159edur\u010duje syst\u00e9m pro pou\u017eit\u00ed i v prost\u0159ed\u00ed s nejvy\u0161\u0161\u00edmi n\u00e1roky. Do v\u0161ech \u00fast\u0159eden \u0159ady ZETTLER PROFILE je mo\u017en\u00e9 doplnit s\u00ed\u0165ov\u00e9 desky TLI800EN a propojit je tak do rozs\u00e1hl\u00e9ho s\u00ed\u0165ovan\u00e9ho syst\u00e9mu vyhovuj\u00edc\u00edmu norm\u00e1m EN54.<br \/>\n<\/span><\/span><\/p>\n<table>\n<tbody>\n<tr>\n<td style=\"width: 150px\"><img loading=\"lazy\" class=\"aligncenter wp-image-1000 size-full\" src=\"http:\/\/www.tycofis.cz\/distribuce\/wp-content\/uploads\/sites\/4\/2015\/09\/Profile_P115D_end.jpg\" alt=\"Profile_P115D_end\" width=\"150\" height=\"139\" \/><\/td>\n<td>\n<h3><span style=\"color: #0057a6\">P115S<\/span><\/h3>\n<p>Nejmen\u0161\u00ed z \u0159ady \u00fast\u0159eden ZETTLER PROFILE s jedn\u00edm kruhov\u00fdm veden\u00edm pro 250 adres v m\u011blk\u00e9 sk\u0159\u00edni. Ide\u00e1ln\u00ed pro mal\u00e9 a\u017e st\u0159edn\u00ed objekty.<\/td>\n<\/tr>\n<tr>\n<td><img loading=\"lazy\" class=\"wp-image-1000 size-full aligncenter\" src=\"http:\/\/www.tycofis.cz\/distribuce\/wp-content\/uploads\/sites\/4\/2015\/09\/Profile_P115D_end.jpg\" alt=\"Profile_P115D_end\" width=\"150\" height=\"139\" \/><\/td>\n<td>\n<h3>\u00a0<span style=\"color: #0057a6\">P115D<\/span><\/h3>\n<p>Stejn\u00e1 \u00fast\u0159edna jako P115S v hlubok\u00e9 sk\u0159\u00edni umo\u017e\u0148uj\u00edc\u00ed pou\u017eit\u00ed v\u011bt\u0161\u00edch akumul\u00e1tor\u016f.<\/td>\n<\/tr>\n<tr>\n<td><img loading=\"lazy\" class=\"aligncenter wp-image-1001 size-full\" src=\"http:\/\/www.tycofis.cz\/distribuce\/wp-content\/uploads\/sites\/4\/2015\/09\/Profile_P405D_end.jpg\" alt=\"Profile_P405D_end\" width=\"150\" height=\"139\" \/><\/td>\n<td>\n<h3>\u00a0<span style=\"color: #0057a6\">P405D<\/span><\/h3>\n<p>\u00dast\u0159edna ZETTLER PROFILE s a\u017e \u010dty\u0159mi kruhov\u00fdm veden\u00edmi s celkovou kapacitou a\u017e 1000 adres na \u00fast\u0159ednu.<\/td>\n<\/tr>\n<tr>\n<td><img loading=\"lazy\" class=\"aligncenter wp-image-1002 size-full\" src=\"http:\/\/www.tycofis.cz\/distribuce\/wp-content\/uploads\/sites\/4\/2015\/09\/Profile_P485D_end.jpg\" alt=\"Profile_P485D_end\" width=\"150\" height=\"139\" \/><\/td>\n<td>\n<h3>\u00a0<span style=\"color: #0057a6\">P485D<\/span><\/h3>\n<p>\u00dast\u0159edna ZETTLER PROFILE P405D dopln\u011bn\u00e1 o signaliza\u010dn\u00ed LED tablo s 80ti \u010derven\u00fdmi LED pro signalizaci poplachov\u00e9ho stavu skupin hl\u00e1si\u010d\u016f nebo jin\u00fdch \u010d\u00e1st\u00ed syst\u00e9mu nebo za\u0159\u00edzen\u00ed.<\/td>\n<\/tr>\n<tr>\n<td><img loading=\"lazy\" class=\"aligncenter wp-image-1003 size-full\" src=\"http:\/\/www.tycofis.cz\/distribuce\/wp-content\/uploads\/sites\/4\/2015\/09\/Profile_P805D_end.jpg\" alt=\"Profile_P805D_end\" width=\"150\" height=\"139\" \/><\/td>\n<td>\n<h3><strong>\u00a0<\/strong><span style=\"color: #0057a6\">P805D<\/span><\/h3>\n<p>Nejv\u011bt\u0161\u00ed z \u0159ady \u00fast\u0159eden ZETTLER PROFILE s a\u017e osmi kruhov\u00fdmi veden\u00edmi a celkovou kapacitou a\u017e 2000 adres na \u00fast\u0159ednu. D\u00edky mo\u017enostem roz\u0161\u00ed\u0159en\u00ed je \u00fast\u0159edna vhodn\u00e1 i pro pou\u017eit\u00ed v nejv\u011bt\u0161\u00edch objektech a are\u00e1lech.<\/td>\n<\/tr>\n<tr>\n<td><img loading=\"lazy\" class=\"aligncenter wp-image-1004 size-full\" src=\"http:\/\/www.tycofis.cz\/distribuce\/wp-content\/uploads\/sites\/4\/2015\/09\/Profile_P885D_end.jpg\" alt=\"Profile_P885D_end\" width=\"150\" height=\"139\" \/><\/td>\n<td>\n<h3>\u00a0<span style=\"color: #0057a6\">P885D<\/span><\/h3>\n<p>\u00dast\u0159edna ZETTLER PROFILE P805D dopln\u011bn\u00e1 o signaliza\u010dn\u00ed LED tablo s 80ti \u010derven\u00fdmi LED pro signalizaci poplachov\u00e9ho stavu skupin hl\u00e1si\u010d\u016f nebo jin\u00fdch \u010d\u00e1st\u00ed syst\u00e9mu nebo za\u0159\u00edzen\u00ed.<\/td>\n<\/tr>\n<tr>\n<td><\/td>\n<td><\/td>\n<\/tr>\n<tr>\n<td><\/td>\n<td><\/td>\n<\/tr>\n<\/tbody>\n<\/table>\n","protected":false},"excerpt":{"rendered":"<p>Adresovateln\u00e9 \u00fast\u0159edny PROFILE ZETTLER PROFILE je \u0159ada v\u00fdkonn\u00fdch \u00fast\u0159eden elektrick\u00e9 po\u017e\u00e1rn\u00ed signalizace, vyu\u017e\u00edvaj\u00edc\u00ed technologii MZX. Vzhledem k tomu, \u017ee technologie MZX byla p\u016fvodn\u011b vyvinuta pro provoz v t\u011bch nejn\u00e1ro\u010dn\u011bj\u0161\u00edch podm\u00ednk\u00e1ch, je syst\u00e9m vysoce odoln\u00fd v\u016f\u010di vn\u011bj\u0161\u00edm vliv\u016fm, nap\u0159\u00edklad elektromagnetick\u00e9mu ru\u0161en\u00ed nebo zdroj\u016fm fale\u0161n\u00fdch poplach\u016f. P\u0159i n\u00e1vrhu nov\u00e9ho, dotykov\u00e9ho u\u017eivatelsk\u00e9ho rozhran\u00ed s kontextovou n\u00e1pov\u011bdou byla v\u011bnov\u00e1na [&hellip;]<\/p>\n","protected":false},"author":5,"featured_media":642,"parent":640,"menu_order":1,"comment_status":"closed","ping_status":"closed","template":"page-rozcestnik_aboutus.php","meta":[],"_links":{"self":[{"href":"http:\/\/www.tycofis.cz\/distribuce\/wp-json\/wp\/v2\/pages\/839"}],"collection":[{"href":"http:\/\/www.tycofis.cz\/distribuce\/wp-json\/wp\/v2\/pages"}],"about":[{"href":"http:\/\/www.tycofis.cz\/distribuce\/wp-json\/wp\/v2\/types\/page"}],"author":[{"embeddable":true,"href":"http:\/\/www.tycofis.cz\/distribuce\/wp-json\/wp\/v2\/users\/5"}],"replies":[{"embeddable":true,"href":"http:\/\/www.tycofis.cz\/distribuce\/wp-json\/wp\/v2\/comments?post=839"}],"version-history":[{"count":28,"href":"http:\/\/www.tycofis.cz\/distribuce\/wp-json\/wp\/v2\/pages\/839\/revisions"}],"predecessor-version":[{"id":1473,"href":"http:\/\/www.tycofis.cz\/distribuce\/wp-json\/wp\/v2\/pages\/839\/revisions\/1473"}],"up":[{"embeddable":true,"href":"http:\/\/www.tycofis.cz\/distribuce\/wp-json\/wp\/v2\/pages\/640"}],"wp:featuredmedia":[{"embeddable":true,"href":"http:\/\/www.tycofis.cz\/distribuce\/wp-json\/wp\/v2\/media\/642"}],"wp:attachment":[{"href":"http:\/\/www.tycofis.cz\/distribuce\/wp-json\/wp\/v2\/media?parent=839"}],"curies":[{"name":"wp","href":"https:\/\/api.w.org\/{rel}","templated":true}]}}