{"id":716,"date":"2015-08-28T21:43:50","date_gmt":"2015-08-28T20:43:50","guid":{"rendered":"http:\/\/www.tycofis.cz\/distribuce\/?page_id=716"},"modified":"2016-02-17T22:57:55","modified_gmt":"2016-02-17T21:57:55","slug":"signalizacni-zarizeni","status":"publish","type":"page","link":"http:\/\/www.tycofis.cz\/distribuce\/produkty\/adresovatelne-systemy\/signalizacni-zarizeni\/","title":{"rendered":"Po\u017e\u00e1rn\u00ed poplachov\u00e1 za\u0159\u00edzen\u00ed"},"content":{"rendered":"<h2>Po\u017e\u00e1rn\u00ed poplachov\u00e1 za\u0159\u00edzen\u00ed &#8211; sir\u00e9ny a maj\u00e1ky<\/h2>\n<p>Sir\u00e9ny a maj\u00e1ky jsou po\u017e\u00e1rn\u00ed poplachov\u00e1 za\u0159\u00edzen\u00ed, jejich\u017e \u00fa\u010delem je varovat osoby uvnit\u0159 nebo v bl\u00edzkosti budov v p\u0159\u00edpad\u011b po\u017e\u00e1rn\u00edho poplachu aby bylo mo\u017eno prov\u00e9st odpov\u00eddaj\u00edc\u00ed opat\u0159en\u00ed.<\/p>\n<table>\n<tbody>\n<tr>\n<td style=\"width: 150px;text-align: center;vertical-align: top\"><a href=\"http:\/\/www.tycofis.cz\/distribuce\/wp-content\/uploads\/sites\/4\/2015\/08\/symphoni_loop_end.jpg\"><img loading=\"lazy\" class=\"alignnone wp-image-1189 size-full\" src=\"http:\/\/www.tycofis.cz\/distribuce\/wp-content\/uploads\/sites\/4\/2015\/08\/symphoni_loop_end.jpg\" alt=\"\" width=\"83\" height=\"80\" \/><\/a><\/td>\n<td>\n<h3><span style=\"color: #0057a6\">Adresovateln\u00e9 sir\u00e9ny nap\u00e1jen\u00e9 z adresovateln\u00e9ho veden\u00ed<br \/>\n<\/span><\/h3>\n<p>Adresovateln\u00e9 sir\u00e9ny nap\u00e1jen\u00e9 z adresovateln\u00e9ho veden\u00ed jsou k dispozici v b\u00edl\u00e9 nebo \u010derven\u00e9 barv\u011b, s maj\u00e1kem i bez maj\u00e1ku a jsou ur\u010den\u00e9 pro vnit\u0159n\u00ed i venkovn\u00ed instalace. Sir\u00e9ny jsou vybaveny autodiagnostickou funkc\u00ed (RSM), kdy sir\u00e9na p\u0159i testu sama monitoruje svoji funkci a v p\u0159\u00edpad\u011b poruchy p\u0159ed\u00e1v\u00e1 tuto informaci \u00fast\u0159edn\u011b. Sir\u00e9ny jsou pln\u011b konfigurovateln\u00e9 v r\u00e1mci konfigurace \u00fast\u0159edny (16 t\u00f3n\u016f, 3 stupn\u011b hlasitosti, 2 frekvence z\u00e1blesk\u016f). Sir\u00e9ny jsou vybaveny izol\u00e1torem. Sir\u00e9ny s maj\u00e1ky jsou k dispozici i v proveden\u00ed dle normy EN54-23:2010 pro optick\u00e1 v\u00fdstra\u017en\u00e1 za\u0159\u00edzen\u00ed.<\/td>\n<\/tr>\n<tr>\n<td style=\"text-align: center;vertical-align: top\"><a href=\"http:\/\/www.tycofis.cz\/distribuce\/wp-content\/uploads\/sites\/4\/2015\/09\/AVbase.jpg\"><img loading=\"lazy\" class=\"alignnone wp-image-872 size-full\" src=\"http:\/\/www.tycofis.cz\/distribuce\/wp-content\/uploads\/sites\/4\/2015\/09\/AVbase.jpg\" alt=\"\" width=\"80\" height=\"83\" \/><\/a><\/td>\n<td>\n<h3><span style=\"color: #0057a6\">Adresovateln\u00e9 z\u00e1suvky se sir\u00e9nou nap\u00e1jen\u00e9 z adresovateln\u00e9ho veden\u00ed<br \/>\n<\/span><\/h3>\n<p>Adresovateln\u00e9 z\u00e1suvky se sir\u00e9nou nebo sir\u00e9nou a maj\u00e1kem se pou\u017e\u00edvaj\u00ed jako standardn\u00ed s\u00e1suvky pro mont\u00e1\u0159 hl\u00e1si\u010d\u016f s integrovanou akustickou a optickou signalizac\u00ed. Sir\u00e9ny jsou vybaveny autodiagnostickou funkc\u00ed (RSM), kdy sir\u00e9na p\u0159i testu sama monitoruje svoji funkci a v p\u0159\u00edpad\u011b poruchy p\u0159ed\u00e1v\u00e1 tuto informaci \u00fast\u0159edn\u011b. Sir\u00e9ny jsou pln\u011b konfigurovateln\u00e9 v r\u00e1mci konfigurace \u00fast\u0159edny (15 t\u00f3n\u016f, 2 stupn\u011b hlasitosti, 2 frekvence z\u00e1blesk\u016f). Z\u00e1suvky jsou vybaveny izol\u00e1torem. Sir\u00e9ny s maj\u00e1ky jsou k dispozici i v proveden\u00ed dle normy EN54-23:2010 pro optick\u00e1 v\u00fdstra\u017en\u00e1 za\u0159\u00edzen\u00ed.<\/td>\n<\/tr>\n<tr>\n<td style=\"text-align: center;vertical-align: top\"><a href=\"http:\/\/www.tycofis.cz\/distribuce\/wp-content\/uploads\/sites\/4\/2015\/09\/roshni.jpg\"><img loading=\"lazy\" class=\"alignnone wp-image-1032 size-full\" src=\"http:\/\/www.tycofis.cz\/distribuce\/wp-content\/uploads\/sites\/4\/2015\/09\/roshni.jpg\" alt=\"\" width=\"80\" height=\"83\" \/><\/a><\/td>\n<td>\n<h3><span style=\"color: #0057a6\">Konven\u010dn\u00ed sir\u00e9ny a maj\u00e1ky<br \/>\n<\/span><\/h3>\n<p>V mnoha p\u0159\u00edpadech pro vyhl\u00e1\u0161en\u00ed po\u017e\u00e1rn\u00edho poplachu pln\u011b vyhov\u00ed i konven\u010dn\u00ed sir\u00e9ny a maj\u00e1ky instalovan\u00e9 na hl\u00eddan\u00fdch poplachov\u00fdch v\u00fdstupech \u00fast\u0159edny EPS nebo nap\u0159. na v\u00fdstupn\u00edch sir\u00e9nov\u00fdch modulech SNM800.<\/td>\n<\/tr>\n<tr>\n<td style=\"text-align: center;vertical-align: top\"><\/td>\n<td><\/td>\n<\/tr>\n<tr>\n<td style=\"text-align: center;vertical-align: top\"><\/td>\n<td><\/td>\n<\/tr>\n<tr>\n<td style=\"text-align: center;vertical-align: top\"><\/td>\n<td><\/td>\n<\/tr>\n<tr>\n<td style=\"text-align: center;vertical-align: top\"><\/td>\n<td><\/td>\n<\/tr>\n<tr>\n<td style=\"text-align: center;vertical-align: top\"><\/td>\n<td><\/td>\n<\/tr>\n<tr>\n<td style=\"text-align: center;vertical-align: top\"><\/td>\n<td><\/td>\n<\/tr>\n<tr>\n<td style=\"text-align: center;vertical-align: top\"><\/td>\n<td><\/td>\n<\/tr>\n<tr>\n<td style=\"text-align: center;vertical-align: top\"><\/td>\n<td><\/td>\n<\/tr>\n<tr>\n<td style=\"text-align: center;vertical-align: top\"><\/td>\n<td><\/td>\n<\/tr>\n<tr>\n<td style=\"text-align: center;vertical-align: top\"><\/td>\n<td><\/td>\n<\/tr>\n<tr>\n<td style=\"text-align: center;vertical-align: top\"><\/td>\n<td><\/td>\n<\/tr>\n<tr>\n<td style=\"text-align: center;vertical-align: top\"><\/td>\n<td><\/td>\n<\/tr>\n<tr>\n<td style=\"text-align: center;vertical-align: top\"><\/td>\n<td><\/td>\n<\/tr>\n<tr>\n<td style=\"text-align: center;vertical-align: top\"><\/td>\n<td><\/td>\n<\/tr>\n<tr>\n<td style=\"text-align: center;vertical-align: top\"><\/td>\n<td><\/td>\n<\/tr>\n<tr>\n<td><\/td>\n<td><\/td>\n<\/tr>\n<\/tbody>\n<\/table>\n","protected":false},"excerpt":{"rendered":"<p>Po\u017e\u00e1rn\u00ed poplachov\u00e1 za\u0159\u00edzen\u00ed &#8211; sir\u00e9ny a maj\u00e1ky Sir\u00e9ny a maj\u00e1ky jsou po\u017e\u00e1rn\u00ed poplachov\u00e1 za\u0159\u00edzen\u00ed, jejich\u017e \u00fa\u010delem je varovat osoby uvnit\u0159 nebo v bl\u00edzkosti budov v p\u0159\u00edpad\u011b po\u017e\u00e1rn\u00edho poplachu aby bylo mo\u017eno prov\u00e9st odpov\u00eddaj\u00edc\u00ed opat\u0159en\u00ed. Adresovateln\u00e9 sir\u00e9ny nap\u00e1jen\u00e9 z adresovateln\u00e9ho veden\u00ed Adresovateln\u00e9 sir\u00e9ny nap\u00e1jen\u00e9 z adresovateln\u00e9ho veden\u00ed jsou k dispozici v b\u00edl\u00e9 nebo \u010derven\u00e9 barv\u011b, s [&hellip;]<\/p>\n","protected":false},"author":5,"featured_media":717,"parent":534,"menu_order":21,"comment_status":"closed","ping_status":"closed","template":"page-rozcestnik_product_cat_Main.php","meta":[],"_links":{"self":[{"href":"http:\/\/www.tycofis.cz\/distribuce\/wp-json\/wp\/v2\/pages\/716"}],"collection":[{"href":"http:\/\/www.tycofis.cz\/distribuce\/wp-json\/wp\/v2\/pages"}],"about":[{"href":"http:\/\/www.tycofis.cz\/distribuce\/wp-json\/wp\/v2\/types\/page"}],"author":[{"embeddable":true,"href":"http:\/\/www.tycofis.cz\/distribuce\/wp-json\/wp\/v2\/users\/5"}],"replies":[{"embeddable":true,"href":"http:\/\/www.tycofis.cz\/distribuce\/wp-json\/wp\/v2\/comments?post=716"}],"version-history":[{"count":7,"href":"http:\/\/www.tycofis.cz\/distribuce\/wp-json\/wp\/v2\/pages\/716\/revisions"}],"predecessor-version":[{"id":979,"href":"http:\/\/www.tycofis.cz\/distribuce\/wp-json\/wp\/v2\/pages\/716\/revisions\/979"}],"up":[{"embeddable":true,"href":"http:\/\/www.tycofis.cz\/distribuce\/wp-json\/wp\/v2\/pages\/534"}],"wp:featuredmedia":[{"embeddable":true,"href":"http:\/\/www.tycofis.cz\/distribuce\/wp-json\/wp\/v2\/media\/717"}],"wp:attachment":[{"href":"http:\/\/www.tycofis.cz\/distribuce\/wp-json\/wp\/v2\/media?parent=716"}],"curies":[{"name":"wp","href":"https:\/\/api.w.org\/{rel}","templated":true}]}}