{"id":710,"date":"2015-08-28T21:38:43","date_gmt":"2015-08-28T20:38:43","guid":{"rendered":"http:\/\/www.tycofis.cz\/distribuce\/?page_id=710"},"modified":"2016-02-01T10:43:58","modified_gmt":"2016-02-01T09:43:58","slug":"adresovatelne-moduly","status":"publish","type":"page","link":"http:\/\/www.tycofis.cz\/distribuce\/produkty\/adresovatelne-systemy\/adresovatelne-moduly\/","title":{"rendered":"Moduly a p\u0159\u00edslu\u0161enstv\u00ed"},"content":{"rendered":"<h2>Adresovateln\u00e9 moduly a p\u0159\u00edslu\u0161enstv\u00ed<\/h2>\n<p>Ned\u00edlnou sou\u010d\u00e1st\u00ed syst\u00e9mu ZETTLER Expert je i \u0161irok\u00fd sortiment adresovateln\u00fdch vstupn\u00edch a v\u00fdstupn\u00edch prvk\u016f a dal\u0161\u00edho p\u0159\u00edslu\u0161enstv\u00ed.<\/p>\n<table>\n<tbody>\n<tr>\n<td style=\"width: 150px;text-align: center;vertical-align: top\"><a href=\"http:\/\/www.tycofis.cz\/distribuce\/wp-content\/uploads\/sites\/4\/2015\/08\/apm800.jpg\"><img loading=\"lazy\" class=\"wp-image-1110 size-full aligncenter\" src=\"http:\/\/www.tycofis.cz\/distribuce\/wp-content\/uploads\/sites\/4\/2015\/08\/apm800.jpg\" alt=\"\" width=\"80\" height=\"83\" \/><\/a><\/td>\n<td>\n<h3><span style=\"color: #0057a6\">Adresovateln\u00fd modul monitorov\u00e1n\u00ed zdroje APM800<br \/>\n<\/span><\/h3>\n<p>APM800 je adresovateln\u00fd monitorovac\u00ed modul pro pou\u017eit\u00ed se zdrojem PSM800. Montuje p\u0159\u00edmo na zdroj PSM800. APM800 monitoruje hlavn\u00ed funkce zdroje PSM800 &#8211; v\u00fdpadek s\u00edt\u011b, zemn\u00ed svod, nab\u00edjen\u00ed a stav akumul\u00e1tor\u016f. Modul tak\u00e9 umo\u017e\u0148uje test akumul\u00e1tor\u016f a ovl\u00e1d\u00e1n\u00ed resetovaln\u00e9ho v\u00fdstupu 24VDC.<\/td>\n<\/tr>\n<tr>\n<td style=\"text-align: center;vertical-align: top\"><a href=\"http:\/\/www.tycofis.cz\/distribuce\/wp-content\/uploads\/sites\/4\/2015\/08\/cim800.jpg\"><img loading=\"lazy\" class=\"wp-image-1112 size-full aligncenter\" src=\"http:\/\/www.tycofis.cz\/distribuce\/wp-content\/uploads\/sites\/4\/2015\/08\/cim800.jpg\" alt=\"cim800\" width=\"80\" height=\"83\" \/><\/a><\/td>\n<td>\n<h3><span style=\"color: #0057a6\">Adresovateln\u00fd vstupn\u00ed modul CIM800<br \/>\n<\/span><\/h3>\n<p>CIM800 je flexibiln\u00ed adresovateln\u00fd vstupn\u00ed modul pro v\u0161eobecn\u00e9 pou\u017eit\u00ed s mnoha mo\u017enostmi u\u017eivatelsk\u00e9 konfigurace. CIM800 m\u016f\u017ee b\u00fdt nakonfigurov\u00e1n jako jeden nebo dva klasick\u00e9 vstupy nebo jako jeden vtup na smy\u010dce kruhov\u00e9 lince. Vstupy mohou b\u00fdt hl\u00edd\u00e1ny na zkrat a p\u0159eru\u0161en\u00ed a aktivov\u00e1ny NO nebo NC kontaktem.<\/td>\n<\/tr>\n<tr>\n<td style=\"text-align: center;vertical-align: top\"><a href=\"http:\/\/www.tycofis.cz\/distribuce\/wp-content\/uploads\/sites\/4\/2015\/08\/ddm8001.jpg\"><img loading=\"lazy\" class=\"wp-image-1113 size-full aligncenter\" src=\"http:\/\/www.tycofis.cz\/distribuce\/wp-content\/uploads\/sites\/4\/2015\/08\/ddm8001.jpg\" alt=\"\" width=\"80\" height=\"83\" \/><\/a><\/td>\n<td>\n<h3><span style=\"color: #0057a6\">Modul pro konven\u010dn\u00ed hl\u00e1si\u010de DDM800<br \/>\n<\/span><\/h3>\n<p>Modul DDM800 je univerz\u00e1ln\u00ed adresovateln\u00fd modul, kter\u00e9 lze pou\u017e\u00edt k p\u0159ipojen\u00ed st\u00e1vaj\u00edc\u00edch konven\u010dn\u00edch 20V hl\u00e1si\u010d\u016f nebo hl\u00e1si\u010d\u016f s v\u00fdstupem 4-20mA do syst\u00e9m\u016f adresovateln\u00e9 po\u017e\u00e1rn\u00ed signalizace ZX\/MZX\/PROFILE. Pomoc\u00ed tohoto modulu lze s v\u00fdhodou p\u0159ipojit i r\u016fzn\u00e9 technologick\u00e9 hl\u00e1si\u010de jako nap\u0159. detektory plyn\u016f.<\/td>\n<\/tr>\n<tr>\n<td style=\"text-align: center;vertical-align: top\"><a href=\"http:\/\/www.tycofis.cz\/distribuce\/wp-content\/uploads\/sites\/4\/2015\/08\/dim800.jpg\"><img loading=\"lazy\" class=\"wp-image-1114 size-full aligncenter\" src=\"http:\/\/www.tycofis.cz\/distribuce\/wp-content\/uploads\/sites\/4\/2015\/08\/dim800.jpg\" alt=\"\" width=\"80\" height=\"83\" \/><\/a><\/td>\n<td>\n<h3><span style=\"color: #0057a6\">Modul pro konven\u010dn\u00ed hl\u00e1si\u010de DIM800<\/span><\/h3>\n<p>Modul DIM800 je adresovateln\u00fd modul, kter\u00e9 lze pou\u017e\u00edt k p\u0159ipojen\u00ed st\u00e1vaj\u00edc\u00edch konven\u010dn\u00edch tla\u010d\u00edtkov\u00fdch a automatick\u00fdch hl\u00e1si\u010d\u016f do syst\u00e9m\u016f adresovateln\u00e9 po\u017e\u00e1rn\u00ed signalizace ZX\/MZX\/PROFILE.<\/td>\n<\/tr>\n<tr>\n<td style=\"text-align: center;vertical-align: top\"><a href=\"http:\/\/www.tycofis.cz\/distribuce\/wp-content\/uploads\/sites\/4\/2015\/08\/hvr800.jpg\"><img loading=\"lazy\" class=\"wp-image-1115 size-full aligncenter\" src=\"http:\/\/www.tycofis.cz\/distribuce\/wp-content\/uploads\/sites\/4\/2015\/08\/hvr800.jpg\" alt=\"\" width=\"80\" height=\"83\" \/><\/a><\/td>\n<td>\n<h3><span style=\"color: #0057a6\">Rel\u00e9ov\u00fd modul pro sp\u00edn\u00e1n\u00ed nap\u011bt\u00ed 230VAC<br \/>\n<\/span><\/h3>\n<p>Modul HVR800 je modul, kter\u00fd umo\u017e\u0148uje pomoc\u00ed n\u00edzkonap\u011b\u0165ov\u00fdch v\u00fdstup\u016f sp\u00ednat z\u00e1t\u011b\u017e a\u017e 230VAC\/10A.<br \/>\n<span id=\"result_box\" class=\"\" lang=\"cs\"><\/span><\/td>\n<\/tr>\n<tr>\n<td style=\"text-align: center;vertical-align: top\"><a href=\"http:\/\/www.tycofis.cz\/distribuce\/wp-content\/uploads\/sites\/4\/2015\/08\/lim800.jpg\"><img loading=\"lazy\" class=\"wp-image-1116 size-full aligncenter\" src=\"http:\/\/www.tycofis.cz\/distribuce\/wp-content\/uploads\/sites\/4\/2015\/08\/lim800.jpg\" alt=\"\" width=\"80\" height=\"83\" \/><\/a><\/td>\n<td>\n<h3><span style=\"color: #0057a6\">Linkov\u00fd izol\u00e1tor LIM800<br \/>\n<\/span><\/h3>\n<p>Linkov\u00fd izol\u00e1tor LIM800 je neadresovateln\u00fd modul ur\u010den\u00fd k odd\u011blen\u00ed zkratovan\u00fdch \u010d\u00e1st\u00ed adresovateln\u00e9ho veden\u00ed a vytvo\u0159en\u00ed odbo\u010dky veden\u00ed s izol\u00e1torem.<\/td>\n<\/tr>\n<tr>\n<td style=\"text-align: center;vertical-align: top\"><a href=\"http:\/\/www.tycofis.cz\/distribuce\/wp-content\/uploads\/sites\/4\/2015\/08\/lps800.jpg\"><img loading=\"lazy\" class=\"size-full wp-image-1117 aligncenter\" src=\"http:\/\/www.tycofis.cz\/distribuce\/wp-content\/uploads\/sites\/4\/2015\/08\/lps800.jpg\" alt=\"lps800\" width=\"80\" height=\"83\" \/><\/a><\/td>\n<td>\n<h3><span style=\"color: #0057a6\">V\u00fdstupn\u00ed potenci\u00e1lov\u00fd modul LPS800<br \/>\n<\/span><\/h3>\n<p>Modul LPS800 poskytuje jeden monitorovan\u00fd potenci\u00e1lov\u00fd v\u00fdstup s v\u00fdstupn\u00edm proudem a\u017e 75mA nap\u00e1jen\u00fd z adresovateln\u00e9ho veden\u00ed. Modul je ur\u010den pro ovl\u00e1d\u00e1n\u00ed sir\u00e9n nebo dal\u0161\u00edch za\u0159\u00edzen\u00ed ovl\u00e1dan\u00fdch nap\u011bt\u00edm 24VDC.<\/td>\n<\/tr>\n<tr>\n<td style=\"text-align: center;vertical-align: top\"><a href=\"http:\/\/www.tycofis.cz\/distribuce\/wp-content\/uploads\/sites\/4\/2015\/08\/mim800.jpg\"><img loading=\"lazy\" class=\"size-full wp-image-1118 aligncenter\" src=\"http:\/\/www.tycofis.cz\/distribuce\/wp-content\/uploads\/sites\/4\/2015\/08\/mim800.jpg\" alt=\"mim800\" width=\"80\" height=\"83\" \/><\/a><\/td>\n<td>\n<h3><span style=\"color: #0057a6\">Miniaturn\u00ed vstupn\u00ed modul MIM800<br \/>\n<\/span><\/h3>\n<p>Modul MIM800 je miniaturn\u00ed vstupn\u00ed adresovateln\u00fd modul ur\u010den\u00fd pro sn\u00edm\u00e1n\u00ed stavu jednoho NC nebo NO kontaktu s monitorov\u00e1n\u00edm stavu vstupn\u00edho veden\u00ed na zkrat i p\u0159eru\u0161en\u00ed. MIM800 je d\u00edky sv\u00fdm velmi mal\u00fdm rozm\u011br\u016fm ur\u010den p\u0159edev\u0161\u00edm pro mont\u00e1\u017e do monitorovan\u00fdch za\u0159\u00edzen\u00ed.<\/td>\n<\/tr>\n<tr>\n<td style=\"text-align: center;vertical-align: top\"><a href=\"http:\/\/www.tycofis.cz\/distribuce\/wp-content\/uploads\/sites\/4\/2015\/08\/mio800.jpg\"><img loading=\"lazy\" class=\"size-full wp-image-1119 aligncenter\" src=\"http:\/\/www.tycofis.cz\/distribuce\/wp-content\/uploads\/sites\/4\/2015\/08\/mio800.jpg\" alt=\"mio800\" width=\"80\" height=\"83\" \/><\/a><\/td>\n<td>\n<h3><span style=\"color: #0057a6\">V\u00edcen\u00e1sobn\u00fd vstupn\u00ed\/v\u00fdstupn\u00ed modul MIO800<br \/>\n<\/span><\/h3>\n<p>MIO800 je univerz\u00e1ln\u00ed vstupn\u011b\/v\u00fdstupn\u00ed se t\u0159emi vstupy a \u010dty\u0159mi v\u00fdstupy. Ka\u017ed\u00fd vstup a v\u00fdstup m\u016f\u017ee b\u00fdt naprogramov\u00e1n nez\u00e1visle podle po\u017eadovan\u00e9 funkce.<\/td>\n<\/tr>\n<tr>\n<td style=\"text-align: center;vertical-align: top\"><a href=\"http:\/\/www.tycofis.cz\/distribuce\/wp-content\/uploads\/sites\/4\/2015\/08\/quads.jpg\"><img loading=\"lazy\" class=\"size-full wp-image-1120 aligncenter\" src=\"http:\/\/www.tycofis.cz\/distribuce\/wp-content\/uploads\/sites\/4\/2015\/08\/quads.jpg\" alt=\"quads\" width=\"80\" height=\"83\" \/><\/a><\/td>\n<td>\n<h3><span style=\"color: #0057a6\">\u010cty\u0159\u00e1sobn\u00e9 vstupn\u00ed\/v\u00fdstupn\u00ed moduly QIO850\/QRM850\/QMO850<br \/>\n<\/span><\/h3>\n<p>Nov\u00e9 vstupn\u011b\/v\u00fdstupn\u00ed Q moduly jsou kompaktn\u00ed konstrukce a sd\u00edlej\u00ed \u0159adu spole\u010dn\u00fdch vlastnost\u00ed. QIO850 je modul se \u010dty\u0159mi monitorovan\u00fdmi vstupy a \u010dty\u0159mi bezpotenci\u00e1lov\u00fdmi v\u00fdstupy. QRM850 je modul \u010dty\u0159 bezpotenci\u00e1lov\u00fdch v\u00fdstup\u016f. QMO850 je modul \u010dty\u0159 hl\u00eddan\u00fdch potenci\u00e1lov\u00fdch v\u00fdstup\u016f.<\/td>\n<\/tr>\n<tr>\n<td style=\"text-align: center;vertical-align: top\"><a href=\"http:\/\/www.tycofis.cz\/distribuce\/wp-content\/uploads\/sites\/4\/2015\/08\/rim800.jpg\"><img loading=\"lazy\" class=\"size-full wp-image-1121 aligncenter\" src=\"http:\/\/www.tycofis.cz\/distribuce\/wp-content\/uploads\/sites\/4\/2015\/08\/rim800.jpg\" alt=\"rim800\" width=\"80\" height=\"83\" \/><\/a><\/td>\n<td>\n<h3><span style=\"color: #0057a6\">Rel\u00e9ov\u00fd v\u00fdstupn\u00ed modul RIM800<br \/>\n<\/span><\/h3>\n<p>Modul RIM800 je nap\u00e1jen z adresovateln\u00e9ho veden\u00ed a poskytuje jeden programovateln\u00fd rel\u00e9ov\u00fd v\u00fdstup, kter\u00e9 lze naprogramovat pro \u0161irokou \u0161k\u00e1lu aplikac\u00ed, v\u010detn\u011b signalizace po\u017e\u00e1ru a ovl\u00e1d\u00e1n\u00ed nejr\u016fzn\u011bj\u0161\u00edch za\u0159\u00edzen\u00ed jako jsou stroje, po\u017e\u00e1rn\u00ed dve\u0159e, klapky a bezpe\u010dnostn\u00ed syst\u00e9my.<\/td>\n<\/tr>\n<tr>\n<td style=\"text-align: center;vertical-align: top\"><a href=\"http:\/\/www.tycofis.cz\/distribuce\/wp-content\/uploads\/sites\/4\/2015\/08\/sio800.jpg\"><img loading=\"lazy\" class=\"size-full wp-image-1123 aligncenter\" src=\"http:\/\/www.tycofis.cz\/distribuce\/wp-content\/uploads\/sites\/4\/2015\/08\/sio800.jpg\" alt=\"sio800\" width=\"80\" height=\"83\" \/><\/a><\/td>\n<td>\n<h3><span style=\"color: #0057a6\">Vstupn\u011b\/v\u00fdstupn\u00ed modul SIO800<br \/>\n<\/span><\/h3>\n<p>SIO800 je vstupn\u011b\/v\u00fdstupn\u00ed modul s jedn\u00edm monitorovan\u00fdm vstupem a rel\u00e9ov\u00fdm v\u00fdstupem. Je mo\u017en\u00e9 ho pou\u017e\u00edt nap\u0159. pro ovl\u00e1d\u00e1n\u00ed a monitoring po\u017e\u00e1rn\u00edch klapek.<\/td>\n<\/tr>\n<tr>\n<td style=\"text-align: center;vertical-align: top\"><a href=\"http:\/\/www.tycofis.cz\/distribuce\/wp-content\/uploads\/sites\/4\/2015\/08\/snm800.jpg\"><img loading=\"lazy\" class=\"size-full wp-image-1124 aligncenter\" src=\"http:\/\/www.tycofis.cz\/distribuce\/wp-content\/uploads\/sites\/4\/2015\/08\/snm800.jpg\" alt=\"snm800\" width=\"80\" height=\"83\" \/><\/a><\/td>\n<td>\n<h3><span style=\"color: #0057a6\">Potenci\u00e1lov\u00fd v\u00fdstupn\u00ed modul SNM800<br \/>\n<\/span><\/h3>\n<p><span id=\"result_box\" class=\"\" lang=\"cs\">SNM800 <span class=\"hps\">je <\/span><span class=\"hps\">adresovateln\u00fd<\/span> modul s hl\u00eddan\u00fdm potenci\u00e1lov\u00fdm v\u00fdstupem <\/span><span id=\"result_box\" class=\"\" lang=\"cs\"><span class=\"hps\">2A<\/span><span class=\"hps\">@<\/span>2<span class=\"hps\">4VDC <\/span><\/span><span id=\"result_box\" class=\"\" lang=\"cs\">ur\u010den\u00fd pro ovl\u00e1d\u00e1n\u00ed sir\u00e9n nebo dal\u0161\u00edch za\u0159\u00edzen\u00ed. Modul je voln\u011b programovateln\u00fd a nap\u00e1jen\u00fd z pomocn\u00e9ho zdroje 24VDC.<\/span><\/td>\n<\/tr>\n<tr>\n<td style=\"text-align: center;vertical-align: top\"><a href=\"http:\/\/www.tycofis.cz\/distribuce\/wp-content\/uploads\/sites\/4\/2015\/08\/sb520.jpg\"><img loading=\"lazy\" class=\"size-full wp-image-1122 aligncenter\" src=\"http:\/\/www.tycofis.cz\/distribuce\/wp-content\/uploads\/sites\/4\/2015\/08\/sb520.jpg\" alt=\"sb520\" width=\"80\" height=\"83\" \/><\/a><\/td>\n<td>\n<h3><span style=\"color: #0057a6\">Posilovac\u00ed v\u00fdstupn\u00ed modul SNB800<br \/>\n<\/span><\/h3>\n<p><span id=\"result_box\" class=\"\" lang=\"cs\">Modul <\/span><span id=\"result_box\" class=\"\" lang=\"cs\">SNB800 posiluje v\u00fdstupn\u00ed proud modulu <span class=\"hps\">SNM800<\/span>\u00a0<span class=\"hps\">p\u0159i zachov\u00e1n\u00ed<\/span>\u00a0 <span class=\"hps\">hl\u00edd\u00e1n\u00ed <\/span><span class=\"hps\">integrity<\/span> v\u00fdstupn\u00edho veden\u00ed<span class=\"hps\">.<\/span><\/span><\/td>\n<\/tr>\n<tr>\n<td style=\"text-align: center;vertical-align: top\"><a href=\"http:\/\/www.tycofis.cz\/distribuce\/wp-content\/uploads\/sites\/4\/2015\/08\/tsm800.jpg\"><img loading=\"lazy\" class=\"size-full wp-image-1125 aligncenter\" src=\"http:\/\/www.tycofis.cz\/distribuce\/wp-content\/uploads\/sites\/4\/2015\/08\/tsm800.jpg\" alt=\"tsm800\" width=\"80\" height=\"83\" \/><\/a><\/td>\n<td>\n<h3><span style=\"color: #0057a6\">Modul pro ovl\u00e1d\u00e1n\u00ed dve\u0159\u00ed TSM800<br \/>\n<\/span><\/h3>\n<p><span id=\"result_box\" class=\"\" lang=\"cs\">Modul TSM<\/span><span id=\"result_box\" class=\"\" lang=\"cs\">800 je ur\u010den p\u0159edev\u0161\u00edm pro ovl\u00e1d\u00e1n\u00ed p\u0159\u00eddr\u017en\u00fdch magnet\u016f dve\u0159\u00ed podle standardu DIBt. Modul zaji\u0161\u0165uje uzav\u0159en\u00ed po\u017e\u00e1rn\u00edch dve\u0159\u00ed v p\u0159\u00edpad\u011b aktivace nebo poruchy a z\u00e1rove\u0148 i monitoruje uzav\u0159en\u00ed dve\u0159\u00ed.<\/span><\/td>\n<\/tr>\n<tr>\n<td style=\"text-align: center;vertical-align: top\"><a href=\"http:\/\/www.tycofis.cz\/distribuce\/wp-content\/uploads\/sites\/4\/2015\/08\/vio800.jpg\"><img loading=\"lazy\" class=\"size-full wp-image-1126 aligncenter\" src=\"http:\/\/www.tycofis.cz\/distribuce\/wp-content\/uploads\/sites\/4\/2015\/08\/vio800.jpg\" alt=\"vio800\" width=\"80\" height=\"83\" \/><\/a><\/td>\n<td>\n<h3><span style=\"color: #0057a6\">Modul pro p\u0159ipojen\u00ed nas\u00e1vac\u00edch hl\u00e1si\u010d\u016f VESDA VIO800<br \/>\n<\/span><\/h3>\n<p><span id=\"result_box\" class=\"\" lang=\"cs\">Vestavn\u00fd modul VIO<\/span><span id=\"result_box\" class=\"\" lang=\"cs\">800 zaji\u0161\u0165uje p\u0159\u00edm\u00e9 p\u0159ipojen\u00ed nas\u00e1vac\u00edch hl\u00e1si\u010d\u016f VESDA LaserPLUS a VESDA LaserSCANNER do adresovateln\u00e9ho veden\u00ed MXDigital.<br \/>\n<\/span><\/td>\n<\/tr>\n<tr>\n<td style=\"text-align: center;vertical-align: top\"><a href=\"http:\/\/www.tycofis.cz\/distribuce\/wp-content\/uploads\/sites\/4\/2015\/08\/bdm800_end-e1449442112528.jpg\"><img loading=\"lazy\" class=\"size-full wp-image-1111 aligncenter\" src=\"http:\/\/www.tycofis.cz\/distribuce\/wp-content\/uploads\/sites\/4\/2015\/08\/bdm800_end-e1449442112528.jpg\" alt=\"bdm800_end\" width=\"90\" height=\"83\" \/><\/a><\/td>\n<td>\n<h3><span style=\"color: #0057a6\">Modul pro p\u0159ipojen\u00ed line\u00e1rn\u00edch hl\u00e1si\u010d\u016f FireRay BDM800<br \/>\n<\/span><\/h3>\n<p><span id=\"result_box\" class=\"\" lang=\"cs\">Modul <\/span><span id=\"result_box\" class=\"\" lang=\"cs\">BDM800\u00a0<span class=\"hps\">je<\/span> <span class=\"hps\">navr\u017een tak, aby<\/span> <span class=\"hps\">umo\u017e\u0148oval jednoduch\u00e9 p\u0159ipojen\u00ed line\u00e1rn\u00edch hl\u00e1si\u010d\u016f <\/span> <span class=\"hps\">FireRay3000<\/span><span class=\"hps\">\/<\/span><span class=\"hps\">5000<\/span> <span class=\"hps\">do<\/span> adresovateln\u00e9ho veden\u00ed <span class=\"hps\">MX<\/span><span class=\"hps\">Digital<\/span>. <span class=\"\">BDM800<\/span> <span class=\"hps\">poskytuje line\u00e1rn\u00edmu hl\u00e1si\u010di nap\u00e1jen\u00ed<\/span> <span class=\"hps\">z adresovateln\u00e9ho veden\u00ed a <\/span>monitoruje jeho poplachov\u00fd a poruchov\u00fd v\u00fdstup.<\/span><\/td>\n<\/tr>\n<tr>\n<td style=\"text-align: center;vertical-align: top\"><a href=\"http:\/\/www.tycofis.cz\/distribuce\/wp-content\/uploads\/sites\/4\/2015\/08\/if800ex.jpg\"><img loading=\"lazy\" class=\"size-full wp-image-1185 aligncenter\" src=\"http:\/\/www.tycofis.cz\/distribuce\/wp-content\/uploads\/sites\/4\/2015\/08\/if800ex.jpg\" alt=\"if800ex\" width=\"80\" height=\"83\" \/><\/a><\/td>\n<td>\n<h3><span style=\"color: #0057a6\">Adresovateln\u00fd vstupn\u00ed modul IF800Ex do SNV<br \/>\n<\/span><\/h3>\n<p><span id=\"result_box\" class=\"\" lang=\"cs\">Modul <\/span><span id=\"result_box\" class=\"\" lang=\"cs\">IF800Ex <span class=\"hps\">je<\/span> ur\u010den p\u0159edev\u0161\u00edm pro monitorov\u00e1n\u00ed kontakt\u016f po\u017e\u00e1rn\u011b bezpe\u010dnostn\u00edch za\u0159\u00edzen\u00ed (nap\u0159. od po\u017e\u00e1rn\u00edch dve\u0159\u00ed, po\u017e\u00e1rn\u00ed vzduchotechniky nebo syst\u00e9m\u016f SHZ) v prostor\u00e1ch s nebezpe\u010d\u00edm v\u00fdbuchu plyn\u016f a par (z\u00f3na 0) nebo prach\u016f (z\u00f3na 20) s certifik\u00e1tem ATEX.<\/span><\/td>\n<\/tr>\n<tr>\n<td><\/td>\n<td><\/td>\n<\/tr>\n<\/tbody>\n<\/table>\n","protected":false},"excerpt":{"rendered":"<p>Adresovateln\u00e9 moduly a p\u0159\u00edslu\u0161enstv\u00ed Ned\u00edlnou sou\u010d\u00e1st\u00ed syst\u00e9mu ZETTLER Expert je i \u0161irok\u00fd sortiment adresovateln\u00fdch vstupn\u00edch a v\u00fdstupn\u00edch prvk\u016f a dal\u0161\u00edho p\u0159\u00edslu\u0161enstv\u00ed. Adresovateln\u00fd modul monitorov\u00e1n\u00ed zdroje APM800 APM800 je adresovateln\u00fd monitorovac\u00ed modul pro pou\u017eit\u00ed se zdrojem PSM800. Montuje p\u0159\u00edmo na zdroj PSM800. APM800 monitoruje hlavn\u00ed funkce zdroje PSM800 &#8211; v\u00fdpadek s\u00edt\u011b, zemn\u00ed svod, nab\u00edjen\u00ed a stav [&hellip;]<\/p>\n","protected":false},"author":5,"featured_media":711,"parent":534,"menu_order":16,"comment_status":"closed","ping_status":"closed","template":"page-rozcestnik_product_cat_Main.php","meta":[],"_links":{"self":[{"href":"http:\/\/www.tycofis.cz\/distribuce\/wp-json\/wp\/v2\/pages\/710"}],"collection":[{"href":"http:\/\/www.tycofis.cz\/distribuce\/wp-json\/wp\/v2\/pages"}],"about":[{"href":"http:\/\/www.tycofis.cz\/distribuce\/wp-json\/wp\/v2\/types\/page"}],"author":[{"embeddable":true,"href":"http:\/\/www.tycofis.cz\/distribuce\/wp-json\/wp\/v2\/users\/5"}],"replies":[{"embeddable":true,"href":"http:\/\/www.tycofis.cz\/distribuce\/wp-json\/wp\/v2\/comments?post=710"}],"version-history":[{"count":29,"href":"http:\/\/www.tycofis.cz\/distribuce\/wp-json\/wp\/v2\/pages\/710\/revisions"}],"predecessor-version":[{"id":1432,"href":"http:\/\/www.tycofis.cz\/distribuce\/wp-json\/wp\/v2\/pages\/710\/revisions\/1432"}],"up":[{"embeddable":true,"href":"http:\/\/www.tycofis.cz\/distribuce\/wp-json\/wp\/v2\/pages\/534"}],"wp:featuredmedia":[{"embeddable":true,"href":"http:\/\/www.tycofis.cz\/distribuce\/wp-json\/wp\/v2\/media\/711"}],"wp:attachment":[{"href":"http:\/\/www.tycofis.cz\/distribuce\/wp-json\/wp\/v2\/media?parent=710"}],"curies":[{"name":"wp","href":"https:\/\/api.w.org\/{rel}","templated":true}]}}