{"id":708,"date":"2015-08-28T21:32:07","date_gmt":"2015-08-28T20:32:07","guid":{"rendered":"http:\/\/www.tycofis.cz\/distribuce\/?page_id=708"},"modified":"2016-02-01T10:50:36","modified_gmt":"2016-02-01T09:50:36","slug":"hlasice","status":"publish","type":"page","link":"http:\/\/www.tycofis.cz\/distribuce\/produkty\/adresovatelne-systemy\/hlasice\/","title":{"rendered":"Hl\u00e1si\u010de po\u017e\u00e1ru"},"content":{"rendered":"<h2>Automatick\u00e9 a tla\u010d\u00edtkov\u00e9 hl\u00e1si\u010de po\u017e\u00e1ru<\/h2>\n<p>Detekci po\u017e\u00e1ru zaji\u0161\u0165uj\u00ed v syst\u00e9mu ZETTLER Expert automatick\u00e9 po\u017e\u00e1rn\u00ed hl\u00e1si\u010de 6. generace \u0159ady 830\/850. Z t\u00e9to \u0159ady hl\u00e1si\u010d\u016f je podle typu potenci\u00e1ln\u00edho po\u017e\u00e1ru v\u017edy mo\u017en\u00e9 zvolit vhodn\u00fd typ hl\u00e1si\u010de v\u010d. hl\u00e1si\u010de 3oTec, kter\u00fd spojuje optickou technologii detekce kou\u0159e s detekc\u00ed oxidu uhelnat\u00e9ho a detekc\u00ed tepla. Pro ru\u010dn\u00ed vyhl\u00e1\u0161en\u00ed po\u017e\u00e1ru slou\u017e\u00ed ru\u010dn\u00ed tla\u010d\u00edtkov\u00e9 hl\u00e1si\u010de.<\/p>\n","protected":false},"excerpt":{"rendered":"<p>Automatick\u00e9 a tla\u010d\u00edtkov\u00e9 hl\u00e1si\u010de po\u017e\u00e1ru Detekci po\u017e\u00e1ru zaji\u0161\u0165uj\u00ed v syst\u00e9mu ZETTLER Expert automatick\u00e9 po\u017e\u00e1rn\u00ed hl\u00e1si\u010de 6. generace \u0159ady 830\/850. Z t\u00e9to \u0159ady hl\u00e1si\u010d\u016f je podle typu potenci\u00e1ln\u00edho po\u017e\u00e1ru v\u017edy mo\u017en\u00e9 zvolit vhodn\u00fd typ hl\u00e1si\u010de v\u010d. hl\u00e1si\u010de 3oTec, kter\u00fd spojuje optickou technologii detekce kou\u0159e s detekc\u00ed oxidu uhelnat\u00e9ho a detekc\u00ed tepla. Pro ru\u010dn\u00ed vyhl\u00e1\u0161en\u00ed po\u017e\u00e1ru slou\u017e\u00ed [&hellip;]<\/p>\n","protected":false},"author":5,"featured_media":500,"parent":534,"menu_order":5,"comment_status":"closed","ping_status":"closed","template":"page-rozcestnik_product_range.php","meta":[],"_links":{"self":[{"href":"http:\/\/www.tycofis.cz\/distribuce\/wp-json\/wp\/v2\/pages\/708"}],"collection":[{"href":"http:\/\/www.tycofis.cz\/distribuce\/wp-json\/wp\/v2\/pages"}],"about":[{"href":"http:\/\/www.tycofis.cz\/distribuce\/wp-json\/wp\/v2\/types\/page"}],"author":[{"embeddable":true,"href":"http:\/\/www.tycofis.cz\/distribuce\/wp-json\/wp\/v2\/users\/5"}],"replies":[{"embeddable":true,"href":"http:\/\/www.tycofis.cz\/distribuce\/wp-json\/wp\/v2\/comments?post=708"}],"version-history":[{"count":16,"href":"http:\/\/www.tycofis.cz\/distribuce\/wp-json\/wp\/v2\/pages\/708\/revisions"}],"predecessor-version":[{"id":1633,"href":"http:\/\/www.tycofis.cz\/distribuce\/wp-json\/wp\/v2\/pages\/708\/revisions\/1633"}],"up":[{"embeddable":true,"href":"http:\/\/www.tycofis.cz\/distribuce\/wp-json\/wp\/v2\/pages\/534"}],"wp:featuredmedia":[{"embeddable":true,"href":"http:\/\/www.tycofis.cz\/distribuce\/wp-json\/wp\/v2\/media\/500"}],"wp:attachment":[{"href":"http:\/\/www.tycofis.cz\/distribuce\/wp-json\/wp\/v2\/media?parent=708"}],"curies":[{"name":"wp","href":"https:\/\/api.w.org\/{rel}","templated":true}]}}