{"id":628,"date":"2015-08-22T22:00:50","date_gmt":"2015-08-22T21:00:50","guid":{"rendered":"http:\/\/www.tycofis.cz\/distribuce\/?page_id=628"},"modified":"2015-09-02T19:42:10","modified_gmt":"2015-09-02T18:42:10","slug":"628-2","status":"publish","type":"page","link":"http:\/\/www.tycofis.cz\/distribuce\/o-nas\/628-2\/","title":{"rendered":"O spole\u010dnosti"},"content":{"rendered":"<h2>O spole\u010dnosti Tyco Fire &amp; Security Czech Republic s.r.o.<\/h2>\n<p>Tyco Fire &amp; Security Czech Republic s.r.o. p\u016fsob\u00ed v \u010cesk\u00e9 republice ji\u017e od roku 1993. Sou\u010dasn\u00e1 struktura spole\u010dnosti vznikla postupn\u00fdm slou\u010den\u00edm n\u011bkolika spole\u010dnost\u00ed zab\u00fdvaj\u00edc\u00edch se bezpe\u010dnostn\u00edmi a protipo\u017e\u00e1rn\u00edmi syst\u00e9my. Z historie spole\u010dnosti jsou nejv\u00fdznam\u011bj\u0161\u00ed n\u00e1sleduj\u00edc\u00ed zm\u011bny.<\/p>\n<h4>2015<\/h4>\n<p>24.4.2015 se spole\u010dnost p\u0159ejmenov\u00e1v\u00e1 na Tyco Fire &amp; Security Czech Republic s.r.o..<\/p>\n<h4>2010<\/h4>\n<p>1.1.2010 koupil koncern Tyco od spole\u010dnosti Celestica Czech Republic v\u00fdrobn\u00ed z\u00e1vod v R\u00e1je\u010dku. Tento z\u00e1vod byl jako nov\u00e9 v\u00fdrobn\u00ed centrum za\u010dlen\u011bn do divize Tyco Safety Products a organiza\u010dn\u011b spad\u00e1 pod Tyco Fire &amp; Integrated Solutions s.r.o., \u010dlen koncernu Tyco. Spole\u010dnost Celestica Czech Republic v R\u00e1je\u010dku dosud pro spole\u010dnost Tyco vyr\u00e1b\u011bla elektronick\u00e1 za\u0159\u00edzen\u00ed (nap\u0159. detektory po\u017e\u00e1ru) a koup\u011b tohoto v\u00fdrobn\u00edho centra se tedy stala pokra\u010dov\u00e1n\u00edm dosavadn\u00ed n\u011bkolikalet\u00e9 spolupr\u00e1ce.<\/p>\n<div id=\"attachment_792\" style=\"width: 310px\" class=\"wp-caption alignnone\"><a href=\"http:\/\/www.tycofis.cz\/distribuce\/wp-content\/uploads\/sites\/4\/2015\/09\/Factory.jpg\"><img aria-describedby=\"caption-attachment-792\" loading=\"lazy\" class=\"size-medium wp-image-792\" src=\"http:\/\/www.tycofis.cz\/distribuce\/wp-content\/uploads\/sites\/4\/2015\/09\/Factory-300x226.jpg\" alt=\"V\u00fdrobn\u00ed z\u00e1vod Tyco Fire Protection Product R\u00e1je\u010dko\" width=\"300\" height=\"226\" srcset=\"http:\/\/www.tycofis.cz\/distribuce\/wp-content\/uploads\/sites\/4\/2015\/09\/Factory-300x226.jpg 300w, http:\/\/www.tycofis.cz\/distribuce\/wp-content\/uploads\/sites\/4\/2015\/09\/Factory.jpg 387w\" sizes=\"(max-width: 300px) 100vw, 300px\" \/><\/a><p id=\"caption-attachment-792\" class=\"wp-caption-text\">V\u00fdrobn\u00ed z\u00e1vod Tyco Fire Protection Product R\u00e1je\u010dko<\/p><\/div>\n<h4>2009<\/h4>\n<p>V r\u00e1mci koncernu Tyco do\u0161lo v \u010cesk\u00e9 Republice s \u00fa\u010dinnost\u00ed ke dni 1.10.2009 k f\u00fazi slou\u010den\u00edm spole\u010dnosti ADT Security Center, s.r.o. jako zanikaj\u00edc\u00ed spole\u010dnosti se spole\u010dnost\u00ed Tyco Fire &amp; Integrated Solutions s.r.o., \u010dlen koncernu Tyco, kter\u00e1 se stala n\u00e1stupnickou spole\u010dnost\u00ed. Slu\u017eby poskytovan\u00e9 spole\u010dnost\u00ed ADT Security Center, s.r.o. budou nad\u00e1le poskytov\u00e1ny v pln\u00e9m rozsahu v r\u00e1mci nov\u00e9 divize ADT Security Center.<\/p>\n<p>Sou\u010dasn\u011b na Slovensku do\u0161lo dnem 18.9.2009 rovn\u011b\u017e k f\u00fazi slou\u010den\u00edm spole\u010dnost\u00ed Tyco Fire &amp; Integrated Solutions s.r.o., \u010dlen koncernu Tyco &#8211; organiza\u010dn\u00e1 zlo\u017eka, jako zanikaj\u00edc\u00ed spole\u010dnosti se spole\u010dnost\u00ed Tyco Fire &amp; Integrated Solutions (Slovakia) s.r.o., kter\u00e1 se stala n\u00e1stupnickou spole\u010dnost\u00ed. Nad\u00e1le tvo\u0159\u00ed pouze jeden pr\u00e1vn\u00ed subjekt s obchodn\u00edm n\u00e1zvem Tyco Fire &amp; Integrated Solutions (Slovakia) s.r.o..<\/p>\n<h4>2008<\/h4>\n<p>V r\u00e1mci spole\u010dnosti Tyco Fire &amp; Intergrated Solutions s.r.o. vznik\u00e1 nov\u00e1 divize ADT Security Projects. Toto odd\u011blen\u00ed je prim\u00e1rn\u011b orientov\u00e1no na segment retailov\u00e9ho trhu, kde p\u0159ev\u00e1\u017en\u011b operuje v oblasti ochrany zbo\u017e\u00ed. Nab\u00edz\u00ed komplexn\u00ed \u0159e\u0161en\u00ed pro obchody, obchodn\u00ed \u0159et\u011bzce, knihovny, galerie, atd. p\u0159edev\u0161\u00edm pomoc\u00ed produkt\u016f z koncernu Tyco sv\u011btov\u00fdch zna\u010dek Sensormatic (EAS) a American Dynamics (CCTV).<\/p>\n<h4>2005<\/h4>\n<p>V r\u00e1mci koncernu Tyco, divize Fire &amp; Security p\u016fsobily na \u00fazem\u00ed \u010cesk\u00e9 resp. Slovensk\u00e9 republiky doposud n\u00e1sleduj\u00edc\u00ed spole\u010dnosti:<\/p>\n<p>TOTAL WALTHER &#8211; Stabiln\u00ed hasic\u00ed za\u0159\u00edzen\u00ed, s.r.o.<br \/>\nZETTLER \u010cR, spol.s r.o.<br \/>\nTyco Integrated Systems s.r.o.<\/p>\n<p>Tyto v\u00fd\u0161e uveden\u00e9 pr\u00e1vn\u00ed subjekty se 30.9.2005 slou\u010dily a nad\u00e1le tvo\u0159\u00ed pouze jeden pr\u00e1vn\u00ed subjekt s obchodn\u00edm n\u00e1zvem Tyco Fire &amp; Intergrated Solutions s.r.o., \u010dlen koncernu Tyco.<\/p>\n<h4>1996<\/h4>\n<p>Spole\u010dnost Alois Zettler Elektrotechnische Fabrik GmbH se st\u00e1v\u00e1 sou\u010d\u00e1st\u00ed nadn\u00e1rodn\u00edho koncernu Tyco International, jednoho ze sv\u011btov\u00fdch l\u00eddr\u016f v oblasti protipo\u017e\u00e1rn\u00edch a bezpe\u010dnostn\u00edch technologi\u00ed.\u00a0 T\u00edmto p\u0159ech\u00e1z\u00ed pod koncern Tyco International i spole\u010dnost ZETTLER \u010cR, spol.s r.o..<\/p>\n<h4>1993<\/h4>\n<p>Spole\u010dnost Alois Zettler Elektrotechnische Fabrik GmbH se s\u00eddlem v n\u011bmeck\u00e9m Mnichov\u011b, tradi\u010dn\u00ed spole\u010dnost s v\u00edce ne\u017e stoletou tradic\u00ed ve v\u00fdvoji a v\u00fdrob\u011b elektrick\u00e9 po\u017e\u00e1rn\u00ed signalizace a komunika\u010dn\u00edch syst\u00e9m\u016f sestra-pacient, zakl\u00e1d\u00e1 1.8.2015 v Liberci spole\u010dnost ZETTLER \u010cR, spol.s r.o. se zam\u011b\u0159en\u00edm na v\u00fdvoj a prodej produkt\u016f zna\u010dky ZETTLER.<\/p>\n","protected":false},"excerpt":{"rendered":"<p>O spole\u010dnosti Tyco Fire &amp; Security Czech Republic s.r.o. Tyco Fire &amp; Security Czech Republic s.r.o. p\u016fsob\u00ed v \u010cesk\u00e9 republice ji\u017e od roku 1993. Sou\u010dasn\u00e1 struktura spole\u010dnosti vznikla postupn\u00fdm slou\u010den\u00edm n\u011bkolika spole\u010dnost\u00ed zab\u00fdvaj\u00edc\u00edch se bezpe\u010dnostn\u00edmi a protipo\u017e\u00e1rn\u00edmi syst\u00e9my. Z historie spole\u010dnosti jsou nejv\u00fdznam\u011bj\u0161\u00ed n\u00e1sleduj\u00edc\u00ed zm\u011bny. 2015 24.4.2015 se spole\u010dnost p\u0159ejmenov\u00e1v\u00e1 na Tyco Fire &amp; Security [&hellip;]<\/p>\n","protected":false},"author":5,"featured_media":0,"parent":545,"menu_order":1,"comment_status":"closed","ping_status":"closed","template":"page-rozcestnik_aboutus.php","meta":[],"_links":{"self":[{"href":"http:\/\/www.tycofis.cz\/distribuce\/wp-json\/wp\/v2\/pages\/628"}],"collection":[{"href":"http:\/\/www.tycofis.cz\/distribuce\/wp-json\/wp\/v2\/pages"}],"about":[{"href":"http:\/\/www.tycofis.cz\/distribuce\/wp-json\/wp\/v2\/types\/page"}],"author":[{"embeddable":true,"href":"http:\/\/www.tycofis.cz\/distribuce\/wp-json\/wp\/v2\/users\/5"}],"replies":[{"embeddable":true,"href":"http:\/\/www.tycofis.cz\/distribuce\/wp-json\/wp\/v2\/comments?post=628"}],"version-history":[{"count":8,"href":"http:\/\/www.tycofis.cz\/distribuce\/wp-json\/wp\/v2\/pages\/628\/revisions"}],"predecessor-version":[{"id":793,"href":"http:\/\/www.tycofis.cz\/distribuce\/wp-json\/wp\/v2\/pages\/628\/revisions\/793"}],"up":[{"embeddable":true,"href":"http:\/\/www.tycofis.cz\/distribuce\/wp-json\/wp\/v2\/pages\/545"}],"wp:attachment":[{"href":"http:\/\/www.tycofis.cz\/distribuce\/wp-json\/wp\/v2\/media?parent=628"}],"curies":[{"name":"wp","href":"https:\/\/api.w.org\/{rel}","templated":true}]}}