{"id":575,"date":"2015-08-19T21:41:42","date_gmt":"2015-08-19T20:41:42","guid":{"rendered":"http:\/\/www.tycofis.cz\/distribuce\/?page_id=575"},"modified":"2015-09-03T20:13:02","modified_gmt":"2015-09-03T19:13:02","slug":"konvencni-systemy","status":"publish","type":"page","link":"http:\/\/www.tycofis.cz\/distribuce\/produkty\/konvencni-systemy\/","title":{"rendered":"Konven\u010dn\u00ed syst\u00e9my"},"content":{"rendered":"<h2>Konven\u010dn\u00ed syst\u00e9my<\/h2>\n<p>Konven\u010dn\u00ed syst\u00e9m elektrick\u00e9 po\u017e\u00e1rn\u00ed signalizace ZETTLER se skl\u00e1d\u00e1 z \u00fast\u0159eden, automatick\u00fdch a tla\u010d\u00edtkov\u00fdch hl\u00e1si\u010d\u016f, sir\u00e9n, maj\u00e1k\u016f a dal\u0161\u00edch za\u0159\u00edzen\u00ed a p\u0159\u00edslu\u0161enstv\u00ed.<\/p>\n","protected":false},"excerpt":{"rendered":"<p>Konven\u010dn\u00ed syst\u00e9my Konven\u010dn\u00ed syst\u00e9m elektrick\u00e9 po\u017e\u00e1rn\u00ed signalizace ZETTLER se skl\u00e1d\u00e1 z \u00fast\u0159eden, automatick\u00fdch a tla\u010d\u00edtkov\u00fdch hl\u00e1si\u010d\u016f, sir\u00e9n, maj\u00e1k\u016f a dal\u0161\u00edch za\u0159\u00edzen\u00ed a p\u0159\u00edslu\u0161enstv\u00ed.<\/p>\n","protected":false},"author":5,"featured_media":648,"parent":531,"menu_order":5,"comment_status":"closed","ping_status":"closed","template":"page-rozcestnik_product_range.php","meta":[],"_links":{"self":[{"href":"http:\/\/www.tycofis.cz\/distribuce\/wp-json\/wp\/v2\/pages\/575"}],"collection":[{"href":"http:\/\/www.tycofis.cz\/distribuce\/wp-json\/wp\/v2\/pages"}],"about":[{"href":"http:\/\/www.tycofis.cz\/distribuce\/wp-json\/wp\/v2\/types\/page"}],"author":[{"embeddable":true,"href":"http:\/\/www.tycofis.cz\/distribuce\/wp-json\/wp\/v2\/users\/5"}],"replies":[{"embeddable":true,"href":"http:\/\/www.tycofis.cz\/distribuce\/wp-json\/wp\/v2\/comments?post=575"}],"version-history":[{"count":3,"href":"http:\/\/www.tycofis.cz\/distribuce\/wp-json\/wp\/v2\/pages\/575\/revisions"}],"predecessor-version":[{"id":838,"href":"http:\/\/www.tycofis.cz\/distribuce\/wp-json\/wp\/v2\/pages\/575\/revisions\/838"}],"up":[{"embeddable":true,"href":"http:\/\/www.tycofis.cz\/distribuce\/wp-json\/wp\/v2\/pages\/531"}],"wp:featuredmedia":[{"embeddable":true,"href":"http:\/\/www.tycofis.cz\/distribuce\/wp-json\/wp\/v2\/media\/648"}],"wp:attachment":[{"href":"http:\/\/www.tycofis.cz\/distribuce\/wp-json\/wp\/v2\/media?parent=575"}],"curies":[{"name":"wp","href":"https:\/\/api.w.org\/{rel}","templated":true}]}}