{"id":531,"date":"2015-08-11T20:59:28","date_gmt":"2015-08-11T19:59:28","guid":{"rendered":"http:\/\/www.tycofis.cz\/distribuce\/?page_id=531"},"modified":"2015-08-28T20:28:30","modified_gmt":"2015-08-28T19:28:30","slug":"produkty","status":"publish","type":"page","link":"http:\/\/www.tycofis.cz\/distribuce\/produkty\/","title":{"rendered":"Produkty"},"content":{"rendered":"<h2>Produkty<\/h2>\n<p><span id=\"result_box\" class=\"\" lang=\"cs\"><span class=\"hps\">Spole\u010dnost Tyco dod\u00e1v\u00e1 na trh v \u010cesk\u00e9 a Slovensk\u00e9 replubice p<\/span><\/span><span id=\"result_box\" class=\"\" lang=\"cs\"><span class=\"hps\">rodukty <\/span><\/span><span id=\"result_box\" class=\"\" lang=\"cs\"><span class=\"hps\">zahrnuj\u00edc\u00ed<\/span> <span class=\"hps\">\u0161irokou \u0161k\u00e1lu<\/span> protipo\u017e\u00e1rn\u00edch a bezpe\u010dnostn\u00edch <span class=\"hps\">za\u0159\u00edzen\u00ed<\/span> <span class=\"hps\">od za\u0159\u00edzen\u00ed pro detekci<\/span> <span class=\"hps\">po\u017e\u00e1ru a\u017e jeho likvidaci. <\/span><\/span><\/p>\n<p><span id=\"result_box\" class=\"\" lang=\"cs\"><span class=\"hps\">Pro detekci po\u017e\u00e1ru slou\u017e\u00ed syst\u00e9my elektrick\u00e9 po\u017e\u00e1rn\u00ed signalizace (EPS) <\/span>v\u010detn\u011b adresovateln\u00e9ho <span class=\"hps\">syst\u00e9mu <\/span><span class=\"hps\">ZETTLER Expert s \u00fast\u0159ednami<\/span> ZX\/<span class=\"hps\">MZX\/PROFILE<\/span><span class=\"\">.<\/span> Dod\u00e1van\u00e9 <span class=\"hps\">syst\u00e9my<\/span> EPS se skl\u00e1daj\u00ed z \u00fast\u0159eden<span class=\"hps\">,<\/span> automatick\u00fdch a tla\u010d\u00edtkov\u00fdch hl\u00e1si\u010d\u016f, <span class=\"hps\">s\u00ed\u0165ov\u00fdch prvk\u016f<\/span>, grafick\u00e9 <span class=\"hps\">monitorovac\u00ed nadstavby <\/span><span class=\"hps\">a<\/span> <span class=\"hps\">\u0161irok\u00e9 \u0161k\u00e1ly r\u016fzn\u00e9ho p\u0159\u00edslu\u0161enstv\u00ed, speci\u00e1ln\u00edch hl\u00e1si\u010d\u016f<\/span> <span class=\"hps\">a<\/span> <span class=\"hps\">pomocn\u00fdch<\/span> <span class=\"hps\">za\u0159\u00edzen\u00ed. <\/span><\/span><\/p>\n<p><span id=\"result_box\" class=\"\" lang=\"cs\"><span class=\"hps\">Pro likvidaci po\u017e\u00e1ru jsou ur\u010deny hasic\u00ed p\u0159\u00edstroje Neuruppin.<\/span><br \/>\n<\/span><\/p>\n","protected":false},"excerpt":{"rendered":"<p>Produkty Spole\u010dnost Tyco dod\u00e1v\u00e1 na trh v \u010cesk\u00e9 a Slovensk\u00e9 replubice produkty zahrnuj\u00edc\u00ed \u0161irokou \u0161k\u00e1lu protipo\u017e\u00e1rn\u00edch a bezpe\u010dnostn\u00edch za\u0159\u00edzen\u00ed od za\u0159\u00edzen\u00ed pro detekci po\u017e\u00e1ru a\u017e jeho likvidaci. Pro detekci po\u017e\u00e1ru slou\u017e\u00ed syst\u00e9my elektrick\u00e9 po\u017e\u00e1rn\u00ed signalizace (EPS) v\u010detn\u011b adresovateln\u00e9ho syst\u00e9mu ZETTLER Expert s \u00fast\u0159ednami ZX\/MZX\/PROFILE. Dod\u00e1van\u00e9 syst\u00e9my EPS se skl\u00e1daj\u00ed z \u00fast\u0159eden, automatick\u00fdch a tla\u010d\u00edtkov\u00fdch hl\u00e1si\u010d\u016f, [&hellip;]<\/p>\n","protected":false},"author":5,"featured_media":0,"parent":0,"menu_order":0,"comment_status":"open","ping_status":"open","template":"page-rozcestnik_product_range.php","meta":[],"_links":{"self":[{"href":"http:\/\/www.tycofis.cz\/distribuce\/wp-json\/wp\/v2\/pages\/531"}],"collection":[{"href":"http:\/\/www.tycofis.cz\/distribuce\/wp-json\/wp\/v2\/pages"}],"about":[{"href":"http:\/\/www.tycofis.cz\/distribuce\/wp-json\/wp\/v2\/types\/page"}],"author":[{"embeddable":true,"href":"http:\/\/www.tycofis.cz\/distribuce\/wp-json\/wp\/v2\/users\/5"}],"replies":[{"embeddable":true,"href":"http:\/\/www.tycofis.cz\/distribuce\/wp-json\/wp\/v2\/comments?post=531"}],"version-history":[{"count":8,"href":"http:\/\/www.tycofis.cz\/distribuce\/wp-json\/wp\/v2\/pages\/531\/revisions"}],"predecessor-version":[{"id":705,"href":"http:\/\/www.tycofis.cz\/distribuce\/wp-json\/wp\/v2\/pages\/531\/revisions\/705"}],"wp:attachment":[{"href":"http:\/\/www.tycofis.cz\/distribuce\/wp-json\/wp\/v2\/media?parent=531"}],"curies":[{"name":"wp","href":"https:\/\/api.w.org\/{rel}","templated":true}]}}