{"id":1386,"date":"2016-01-22T22:22:23","date_gmt":"2016-01-22T21:22:23","guid":{"rendered":"http:\/\/www.tycofis.cz\/distribuce\/?page_id=1386"},"modified":"2016-10-26T13:11:10","modified_gmt":"2016-10-26T12:11:10","slug":"penove-hasici-pristroje","status":"publish","type":"page","link":"http:\/\/www.tycofis.cz\/distribuce\/produkty\/hasici-pristroje\/penove-hasici-pristroje\/","title":{"rendered":"P\u011bnov\u00e9 hasic\u00ed p\u0159\u00edstroje"},"content":{"rendered":"<h2>P\u011bnov\u00e9 hasic\u00ed p\u0159\u00edstroje<\/h2>\n<p>P\u0159i pou\u017eit\u00ed tohoto druhu hasiva doch\u00e1z\u00ed k\u00a0ochlazen\u00ed ho\u0159\u00edc\u00edho p\u0159edm\u011btu a zabr\u00e1n\u011bn\u00ed p\u0159\u00edstupu vzduchu \u2013 kysl\u00edku. P\u011bnov\u00e9 hasic\u00ed p\u0159\u00edstroje (PHP) se d\u011bl\u00ed podle druhu pou\u017eit\u00e9ho hasiva . Tyco Fire Protection Products vyr\u00e1b\u00ed a dod\u00e1v\u00e1 p\u011bnov\u00e9 mrazuvzdorn\u00e9 PHP do -30 \u00b0C (ozna\u010den\u00ed DF-1) , nemrazuvzdorn\u00e9 PHP (ozna\u010den\u00ed DN) a PHP na pol\u00e1rn\u00ed kapaliny.<\/p>\n<p>V\u0161echny n\u00e1mi dod\u00e1van\u00e9 p\u011bnov\u00e9 PHP mohou hasit po\u017e\u00e1ry elektrick\u00fdch za\u0159\u00edzen\u00ed pod nap\u011bt\u00edm do 1000 V\u00a0s\u00a0odstupem 1 m.<\/p>\n<p>V\u00a0Evrop\u011b doch\u00e1z\u00ed k\u00a0masivn\u00edmu roz\u0161\u00ed\u0159en\u00ed p\u011bnov\u00fdch PHP p\u0159edev\u0161\u00edm z\u00a0n\u00e1sleduj\u00edc\u00edch d\u016fvod\u016f:<\/p>\n<ul>\n<li>Mo\u017enost dod\u00e1n\u00ed i mrazuvzdorn\u00fdch variant.<\/li>\n<li>P\u011bnov\u00e9 PHP s\u00a0hasebn\u00ed \u00fa\u010dinnost\u00ed srovnatelnou s\u00a0pr\u00e1\u0161kov\u00fdmi PHP.<\/li>\n<li>Ochlazen\u00edm ho\u0159\u00edc\u00edho p\u0159edm\u011btu dojde (na rozd\u00edl od pr\u00e1\u0161kov\u00fdch PHP) k v\u00fdrazn\u00e9mu sn\u00ed\u017een\u00ed mo\u017enosti jeho znovuvzn\u00edcen\u00ed .<\/li>\n<li>N\u00e1sledn\u00e9 n\u00e1klady na odstran\u011bn\u00ed \u0161kod po hasivu jsou v p\u0159\u00edpad\u011b p\u011bnov\u00fdch PHP v\u00fdrazn\u011b ni\u017e\u0161\u00ed.<\/li>\n<\/ul>\n<p>U mnoh\u00fdch p\u011bnov\u00fdch PHP je velmi snadn\u00fd servis, nebo\u0165 n\u00e1pln\u00ed je \u010dist\u00e1 voda, ve kter\u00e9 plave speci\u00e1ln\u00ed kartu\u0161e s\u00a0koncentr\u00e1tem.<\/p>\n<table>\n<tbody>\n<tr>\n<td style=\"width: 220px\" rowspan=\"2\"><a href=\"http:\/\/www.tycofis.cz\/distribuce\/wp-content\/uploads\/sites\/4\/2016\/10\/S2DF-e1477483706365.png\"><img loading=\"lazy\" class=\"wp-image-1642 size-full aligncenter\" src=\"http:\/\/www.tycofis.cz\/distribuce\/wp-content\/uploads\/sites\/4\/2016\/10\/S2DF-e1477483706365.png\" alt=\"\" width=\"70\" height=\"200\" \/><\/a><\/td>\n<td style=\"vertical-align: middle\" colspan=\"2\">\n<h3><span style=\"color: #0057a6\">S 2 DN \/ S 2 DF-1<br \/>\n<\/span><\/h3>\n<\/td>\n<\/tr>\n<tr>\n<td style=\"width: 150px;vertical-align: top\">Typ :<br \/>\nHasivo :<br \/>\nHasebn\u00ed \u00fa\u010dinnost :<br \/>\nPou\u017eit\u00ed :<br \/>\nMno\u017estv\u00ed hasiva :<br \/>\nHnac\u00ed plyn :<\/td>\n<td style=\"vertical-align: top\">st\u00e1lotlak\u00fd<br \/>\nNeufoam eco \/ Neufoam FO<br \/>\n13A, 70B \/ 5A, 34B<br \/>\nod 0 <sup>o<\/sup>C do +60<sup> o<\/sup>C \/ -30 <sup>o<\/sup>C do +60<sup> o<\/sup>C<br \/>\n2 l \/ 2 l<br \/>\ndus\u00edk<\/td>\n<\/tr>\n<\/tbody>\n<tbody>\n<tr>\n<td style=\"width: 220px\" rowspan=\"2\"><img loading=\"lazy\" class=\"aligncenter wp-image-1398 size-full\" src=\"http:\/\/www.tycofis.cz\/distribuce\/wp-content\/uploads\/sites\/4\/2016\/01\/s6-9dneco-e1453896652968.jpg\" alt=\"\" width=\"166\" height=\"200\" \/><\/td>\n<td style=\"vertical-align: middle\" colspan=\"2\">\n<h3><span style=\"color: #0057a6\">S 6 DN eco \/ S 9 DN eco<\/span><\/h3>\n<\/td>\n<\/tr>\n<tr>\n<td style=\"width: 150px;vertical-align: top\">Typ :<br \/>\nHasivo :<br \/>\nHasebn\u00ed \u00fa\u010dinnost :<br \/>\nPou\u017eit\u00ed :<br \/>\nMno\u017estv\u00ed hasiva :<br \/>\nHnac\u00ed plyn :<\/td>\n<td style=\"vertical-align: top\">st\u00e1lotlak\u00fd<br \/>\nNeufoam eco<br \/>\n13A, 183B \/ 27A, 233B<br \/>\nod 0 <sup>o<\/sup>C do +60<sup> o<\/sup>C<br \/>\n6 l \/ 9 l<br \/>\ndus\u00edk<\/td>\n<\/tr>\n<tr>\n<td style=\"width: 220px\" rowspan=\"2\"><img loading=\"lazy\" class=\"aligncenter wp-image-1399 size-full\" src=\"http:\/\/www.tycofis.cz\/distribuce\/wp-content\/uploads\/sites\/4\/2016\/01\/018316_s6df-1-e1453896874953.jpg\" alt=\"\" width=\"91\" height=\"200\" \/><\/td>\n<td style=\"vertical-align: middle\" colspan=\"2\">\n<h3><span style=\"color: #0057a6\">S 6 DF-1 \/ S 9 DF-1<br \/>\n<\/span><\/h3>\n<\/td>\n<\/tr>\n<tr>\n<td style=\"width: 150px;vertical-align: top\">Typ :<br \/>\nHasivo :<br \/>\nHasebn\u00ed \u00fa\u010dinnost :<br \/>\nPou\u017eit\u00ed :<br \/>\nMno\u017estv\u00ed hasiva :<br \/>\nHnac\u00ed plyn :<\/td>\n<td style=\"vertical-align: top\">st\u00e1lotlak\u00fd<br \/>\nNeufoam FO<br \/>\n21A,144B \/ 27A,183B<br \/>\nod -30 <sup>o<\/sup>C do +60 <sup>o<\/sup>C<br \/>\n6 l \/\u00a0 9 l<br \/>\ndus\u00edk<\/td>\n<\/tr>\n<\/tbody>\n<\/table>\n<p>Pro bli\u017e\u0161\u00ed informace kontaktujte pros\u00edm obchodn\u00ed odd\u011blen\u00ed Tyco Fire Protection Products.<\/p>\n","protected":false},"excerpt":{"rendered":"<p>P\u011bnov\u00e9 hasic\u00ed p\u0159\u00edstroje P\u0159i pou\u017eit\u00ed tohoto druhu hasiva doch\u00e1z\u00ed k\u00a0ochlazen\u00ed ho\u0159\u00edc\u00edho p\u0159edm\u011btu a zabr\u00e1n\u011bn\u00ed p\u0159\u00edstupu vzduchu \u2013 kysl\u00edku. P\u011bnov\u00e9 hasic\u00ed p\u0159\u00edstroje (PHP) se d\u011bl\u00ed podle druhu pou\u017eit\u00e9ho hasiva . Tyco Fire Protection Products vyr\u00e1b\u00ed a dod\u00e1v\u00e1 p\u011bnov\u00e9 mrazuvzdorn\u00e9 PHP do -30 \u00b0C (ozna\u010den\u00ed DF-1) , nemrazuvzdorn\u00e9 PHP (ozna\u010den\u00ed DN) a PHP na pol\u00e1rn\u00ed kapaliny. V\u0161echny [&hellip;]<\/p>\n","protected":false},"author":5,"featured_media":1404,"parent":578,"menu_order":10,"comment_status":"closed","ping_status":"closed","template":"page-rozcestnik_aboutus.php","meta":[],"_links":{"self":[{"href":"http:\/\/www.tycofis.cz\/distribuce\/wp-json\/wp\/v2\/pages\/1386"}],"collection":[{"href":"http:\/\/www.tycofis.cz\/distribuce\/wp-json\/wp\/v2\/pages"}],"about":[{"href":"http:\/\/www.tycofis.cz\/distribuce\/wp-json\/wp\/v2\/types\/page"}],"author":[{"embeddable":true,"href":"http:\/\/www.tycofis.cz\/distribuce\/wp-json\/wp\/v2\/users\/5"}],"replies":[{"embeddable":true,"href":"http:\/\/www.tycofis.cz\/distribuce\/wp-json\/wp\/v2\/comments?post=1386"}],"version-history":[{"count":12,"href":"http:\/\/www.tycofis.cz\/distribuce\/wp-json\/wp\/v2\/pages\/1386\/revisions"}],"predecessor-version":[{"id":1644,"href":"http:\/\/www.tycofis.cz\/distribuce\/wp-json\/wp\/v2\/pages\/1386\/revisions\/1644"}],"up":[{"embeddable":true,"href":"http:\/\/www.tycofis.cz\/distribuce\/wp-json\/wp\/v2\/pages\/578"}],"wp:featuredmedia":[{"embeddable":true,"href":"http:\/\/www.tycofis.cz\/distribuce\/wp-json\/wp\/v2\/media\/1404"}],"wp:attachment":[{"href":"http:\/\/www.tycofis.cz\/distribuce\/wp-json\/wp\/v2\/media?parent=1386"}],"curies":[{"name":"wp","href":"https:\/\/api.w.org\/{rel}","templated":true}]}}