{"id":1293,"date":"2016-01-14T15:09:38","date_gmt":"2016-01-14T14:09:38","guid":{"rendered":"http:\/\/www.tycofis.cz\/distribuce\/?page_id=1293"},"modified":"2016-01-27T15:15:05","modified_gmt":"2016-01-27T14:15:05","slug":"vodni-hasici-pristroje","status":"publish","type":"page","link":"http:\/\/www.tycofis.cz\/distribuce\/produkty\/hasici-pristroje\/vodni-hasici-pristroje\/","title":{"rendered":"Vodn\u00ed hasic\u00ed p\u0159\u00edstroje"},"content":{"rendered":"<h2>Vodn\u00ed hasic\u00ed p\u0159\u00edstroje<\/h2>\n<p>P\u0159i pou\u017eit\u00ed vodn\u00edch hasic\u00edch p\u0159\u00edstroj\u016f (PHP) doch\u00e1z\u00ed k ochlazen\u00ed ho\u0159\u00edc\u00edho p\u0159edm\u011btu. Vodn\u00ed PHP rozd\u011blujeme podle pou\u017eit\u00e9ho druhu hasiva. Tyco Fire Protection Products vyr\u00e1b\u00ed a dod\u00e1v\u00e1 vodn\u00ed PHP mrazuvzdorn\u00e9 do -30 \u00b0C (ozna\u010den\u00ed DF-1) a nemrazuvzdorn\u00e9 (DN). Jako n\u00e1pl\u0148 mrazuvzdorn\u00fdch PHP nepou\u017e\u00edv\u00e1me pota\u0161.<\/p>\n<p>V\u0161echny n\u00e1mi dod\u00e1van\u00e9 vodn\u00ed PHP mohou hasit po\u017e\u00e1ry elektrick\u00fdch za\u0159\u00edzen\u00ed pod nap\u011bt\u00edm do 1000 V\u00a0s\u00a0odstupem 1 m.<\/p>\n<table>\n<tbody>\n<tr>\n<td style=\"width: 220px\" rowspan=\"2\"><img loading=\"lazy\" class=\"aligncenter wp-image-1294 size-full\" src=\"http:\/\/www.tycofis.cz\/distribuce\/wp-content\/uploads\/sites\/4\/2016\/01\/011746_w6dn-e1452780556981.jpg\" alt=\"\" width=\"88\" height=\"200\" \/><\/td>\n<td style=\"vertical-align: middle\" colspan=\"2\">\n<h3><span style=\"color: #0057a6\">W 6 DN \/ W 9 DN<br \/>\n<\/span><\/h3>\n<\/td>\n<\/tr>\n<tr>\n<td style=\"width: 150px;vertical-align: top\">Typ :<br \/>\nHasivo :<br \/>\nHasebn\u00ed \u00fa\u010dinnost :<br \/>\nPou\u017eit\u00ed :<br \/>\nMno\u017estv\u00ed hasiva :<br \/>\nHnac\u00ed plyn :<\/td>\n<td style=\"vertical-align: top\">st\u00e1lotlak\u00fd<br \/>\nvoda<br \/>\n13A \/ 21A<br \/>\nod 0 <sup>o<\/sup>C do +60<sup> o<\/sup>C<br \/>\n6 l \/ 9 l<br \/>\ndus\u00edk<\/td>\n<\/tr>\n<tr>\n<td style=\"width: 220px\" rowspan=\"2\"><img loading=\"lazy\" class=\"wp-image-1382 size-full aligncenter\" src=\"http:\/\/www.tycofis.cz\/distribuce\/wp-content\/uploads\/sites\/4\/2016\/01\/012246_w9df-11-e1453497009609.jpg\" alt=\"\" width=\"88\" height=\"200\" \/><\/td>\n<td style=\"vertical-align: middle\" colspan=\"2\">\n<h3><span style=\"color: #0057a6\">W 6 DF-1 \/ W 9 DF-1<br \/>\n<\/span><\/h3>\n<\/td>\n<\/tr>\n<tr>\n<td style=\"width: 150px;vertical-align: top\">Typ :<br \/>\nHasivo :<br \/>\nHasebn\u00ed \u00fa\u010dinnost :<br \/>\nPou\u017eit\u00ed :<br \/>\nMno\u017estv\u00ed hasiva :<br \/>\nHnac\u00ed plyn :<\/td>\n<td style=\"vertical-align: top\">st\u00e1lotlak\u00fd<br \/>\nNEUFROL C-30<br \/>\n21A \/ 27A<br \/>\nod -30 <sup>o<\/sup>C do +60 <sup>o<\/sup>C<br \/>\n6 l \/\u00a0 9 l<br \/>\ndus\u00edk<\/td>\n<\/tr>\n<tr>\n<td style=\"width: 220px\" rowspan=\"2\"><img loading=\"lazy\" class=\"aligncenter wp-image-1412 size-full\" src=\"http:\/\/www.tycofis.cz\/distribuce\/wp-content\/uploads\/sites\/4\/2016\/01\/w6wna.jpg\" alt=\"\" width=\"121\" height=\"200\" \/><\/td>\n<td style=\"vertical-align: middle\" colspan=\"2\">\n<h3><span style=\"color: #0057a6\">W 6 WNA<br \/>\n<\/span><\/h3>\n<\/td>\n<\/tr>\n<tr>\n<td style=\"width: 150px;vertical-align: top\">Typ :<br \/>\nHasivo :<br \/>\nHasebn\u00ed \u00fa\u010dinnost :<br \/>\nPou\u017eit\u00ed :<br \/>\nMno\u017estv\u00ed hasiva :<br \/>\nDoba \u010dinnosti :<\/td>\n<td style=\"vertical-align: top\">vodn\u00ed mlha<br \/>\nvoda<br \/>\n13A, 40F<br \/>\nod +5 <sup>o<\/sup>C do +60 <sup>o<\/sup>C<br \/>\n6 l<br \/>\n50 s<\/td>\n<\/tr>\n<\/tbody>\n<\/table>\n<p>Pro bli\u017e\u0161\u00ed informace kontaktujte pros\u00edm obchodn\u00ed odd\u011blen\u00ed Tyco Fire Protection Products.<\/p>\n","protected":false},"excerpt":{"rendered":"<p>Vodn\u00ed hasic\u00ed p\u0159\u00edstroje P\u0159i pou\u017eit\u00ed vodn\u00edch hasic\u00edch p\u0159\u00edstroj\u016f (PHP) doch\u00e1z\u00ed k ochlazen\u00ed ho\u0159\u00edc\u00edho p\u0159edm\u011btu. Vodn\u00ed PHP rozd\u011blujeme podle pou\u017eit\u00e9ho druhu hasiva. Tyco Fire Protection Products vyr\u00e1b\u00ed a dod\u00e1v\u00e1 vodn\u00ed PHP mrazuvzdorn\u00e9 do -30 \u00b0C (ozna\u010den\u00ed DF-1) a nemrazuvzdorn\u00e9 (DN). Jako n\u00e1pl\u0148 mrazuvzdorn\u00fdch PHP nepou\u017e\u00edv\u00e1me pota\u0161. V\u0161echny n\u00e1mi dod\u00e1van\u00e9 vodn\u00ed PHP mohou hasit po\u017e\u00e1ry elektrick\u00fdch za\u0159\u00edzen\u00ed [&hellip;]<\/p>\n","protected":false},"author":5,"featured_media":1301,"parent":578,"menu_order":5,"comment_status":"closed","ping_status":"closed","template":"page-rozcestnik_aboutus.php","meta":[],"_links":{"self":[{"href":"http:\/\/www.tycofis.cz\/distribuce\/wp-json\/wp\/v2\/pages\/1293"}],"collection":[{"href":"http:\/\/www.tycofis.cz\/distribuce\/wp-json\/wp\/v2\/pages"}],"about":[{"href":"http:\/\/www.tycofis.cz\/distribuce\/wp-json\/wp\/v2\/types\/page"}],"author":[{"embeddable":true,"href":"http:\/\/www.tycofis.cz\/distribuce\/wp-json\/wp\/v2\/users\/5"}],"replies":[{"embeddable":true,"href":"http:\/\/www.tycofis.cz\/distribuce\/wp-json\/wp\/v2\/comments?post=1293"}],"version-history":[{"count":12,"href":"http:\/\/www.tycofis.cz\/distribuce\/wp-json\/wp\/v2\/pages\/1293\/revisions"}],"predecessor-version":[{"id":1375,"href":"http:\/\/www.tycofis.cz\/distribuce\/wp-json\/wp\/v2\/pages\/1293\/revisions\/1375"}],"up":[{"embeddable":true,"href":"http:\/\/www.tycofis.cz\/distribuce\/wp-json\/wp\/v2\/pages\/578"}],"wp:featuredmedia":[{"embeddable":true,"href":"http:\/\/www.tycofis.cz\/distribuce\/wp-json\/wp\/v2\/media\/1301"}],"wp:attachment":[{"href":"http:\/\/www.tycofis.cz\/distribuce\/wp-json\/wp\/v2\/media?parent=1293"}],"curies":[{"name":"wp","href":"https:\/\/api.w.org\/{rel}","templated":true}]}}