{"id":1019,"date":"2015-09-08T21:47:42","date_gmt":"2015-09-08T20:47:42","guid":{"rendered":"http:\/\/www.tycofis.cz\/distribuce\/?page_id=1019"},"modified":"2016-01-21T16:46:13","modified_gmt":"2016-01-21T15:46:13","slug":"medicall800","status":"publish","type":"page","link":"http:\/\/www.tycofis.cz\/distribuce\/produkty\/medicall800\/","title":{"rendered":"Medicall800"},"content":{"rendered":"<h2>Medicall800<\/h2>\n<p>Komunika\u010dn\u00ed syst\u00e9m sestra-pacient ZETTLER Medicall800 je ur\u010den p\u0159edev\u0161\u00edm pro p\u0159ivol\u00e1n\u00ed pomoci v nemocni\u010dn\u00edch za\u0159\u00edzen\u00edch, domech senior\u016f, hospicech, l\u00e9\u010debn\u00e1ch a dal\u0161\u00edch za\u0159\u00edzen\u00edch. Syst\u00e9m umo\u017e\u0148uje bu\u010f prost\u00e9 p\u0159ivol\u00e1n\u00ed person\u00e1lu nebo nav\u00e1z\u00e1n\u00ed hlasov\u00e9ho spojen\u00ed mezi pacientem a sestrou. Syst\u00e9m je \u0161iroce vyu\u017e\u00edv\u00e1n i pro p\u0159ivol\u00e1n\u00ed pomoci ze soci\u00e1ln\u00edch za\u0159\u00edzen\u00ed pro t\u011blesn\u011b posti\u017een\u00e9.<\/p>\n<p>Pro bli\u017e\u0161\u00ed informace kontaktujte pros\u00edm obchodn\u00ed odd\u011blen\u00ed Tyco Fire Protection Products.<\/p>\n","protected":false},"excerpt":{"rendered":"<p>Medicall800 Komunika\u010dn\u00ed syst\u00e9m sestra-pacient ZETTLER Medicall800 je ur\u010den p\u0159edev\u0161\u00edm pro p\u0159ivol\u00e1n\u00ed pomoci v nemocni\u010dn\u00edch za\u0159\u00edzen\u00edch, domech senior\u016f, hospicech, l\u00e9\u010debn\u00e1ch a dal\u0161\u00edch za\u0159\u00edzen\u00edch. Syst\u00e9m umo\u017e\u0148uje bu\u010f prost\u00e9 p\u0159ivol\u00e1n\u00ed person\u00e1lu nebo nav\u00e1z\u00e1n\u00ed hlasov\u00e9ho spojen\u00ed mezi pacientem a sestrou. Syst\u00e9m je \u0161iroce vyu\u017e\u00edv\u00e1n i pro p\u0159ivol\u00e1n\u00ed pomoci ze soci\u00e1ln\u00edch za\u0159\u00edzen\u00ed pro t\u011blesn\u011b posti\u017een\u00e9. Pro bli\u017e\u0161\u00ed informace kontaktujte pros\u00edm [&hellip;]<\/p>\n","protected":false},"author":5,"featured_media":1337,"parent":531,"menu_order":21,"comment_status":"closed","ping_status":"closed","template":"page-rozcestnik_product_range.php","meta":[],"_links":{"self":[{"href":"http:\/\/www.tycofis.cz\/distribuce\/wp-json\/wp\/v2\/pages\/1019"}],"collection":[{"href":"http:\/\/www.tycofis.cz\/distribuce\/wp-json\/wp\/v2\/pages"}],"about":[{"href":"http:\/\/www.tycofis.cz\/distribuce\/wp-json\/wp\/v2\/types\/page"}],"author":[{"embeddable":true,"href":"http:\/\/www.tycofis.cz\/distribuce\/wp-json\/wp\/v2\/users\/5"}],"replies":[{"embeddable":true,"href":"http:\/\/www.tycofis.cz\/distribuce\/wp-json\/wp\/v2\/comments?post=1019"}],"version-history":[{"count":3,"href":"http:\/\/www.tycofis.cz\/distribuce\/wp-json\/wp\/v2\/pages\/1019\/revisions"}],"predecessor-version":[{"id":1344,"href":"http:\/\/www.tycofis.cz\/distribuce\/wp-json\/wp\/v2\/pages\/1019\/revisions\/1344"}],"up":[{"embeddable":true,"href":"http:\/\/www.tycofis.cz\/distribuce\/wp-json\/wp\/v2\/pages\/531"}],"wp:featuredmedia":[{"embeddable":true,"href":"http:\/\/www.tycofis.cz\/distribuce\/wp-json\/wp\/v2\/media\/1337"}],"wp:attachment":[{"href":"http:\/\/www.tycofis.cz\/distribuce\/wp-json\/wp\/v2\/media?parent=1019"}],"curies":[{"name":"wp","href":"https:\/\/api.w.org\/{rel}","templated":true}]}}